{"id":10117,"date":"2022-02-14T08:28:57","date_gmt":"2022-02-14T07:28:57","guid":{"rendered":"https:\/\/copd-austria.at\/wordpress\/?page_id=10117"},"modified":"2023-10-11T21:21:48","modified_gmt":"2023-10-11T19:21:48","slug":"cat-test","status":"publish","type":"page","link":"https:\/\/copd-austria.at\/wordpress\/infos-zu-copd\/cat-test\/","title":{"rendered":"CAT-Test"},"content":{"rendered":"\t\t<div data-elementor-type=\"wp-page\" data-elementor-id=\"10117\" class=\"elementor elementor-10117\" data-elementor-post-type=\"page\">\n\t\t\t\t\t\t<section class=\"elementor-section elementor-top-section elementor-element elementor-element-8a5306c elementor-section-boxed elementor-section-height-default elementor-section-height-default\" data-id=\"8a5306c\" data-element_type=\"section\" data-e-type=\"section\">\n\t\t\t\t\t\t<div class=\"elementor-container elementor-column-gap-default\">\n\t\t\t\t\t<div class=\"elementor-column elementor-col-100 elementor-top-column elementor-element elementor-element-9ec9dc3\" data-id=\"9ec9dc3\" data-element_type=\"column\" data-e-type=\"column\">\n\t\t\t<div class=\"elementor-widget-wrap elementor-element-populated\">\n\t\t\t\t\t\t<div class=\"elementor-element elementor-element-ae223be elementor-widget elementor-widget-heading\" data-id=\"ae223be\" data-element_type=\"widget\" data-e-type=\"widget\" data-widget_type=\"heading.default\">\n\t\t\t\t<div class=\"elementor-widget-container\">\n\t\t\t\t\t<h2 class=\"elementor-heading-title elementor-size-default\">Der CAT-Test<\/h2>\t\t\t\t<\/div>\n\t\t\t\t<\/div>\n\t\t\t\t\t<\/div>\n\t\t<\/div>\n\t\t\t\t\t<\/div>\n\t\t<\/section>\n\t\t\t\t<section class=\"elementor-section elementor-top-section elementor-element elementor-element-b7e58f5 elementor-section-boxed elementor-section-height-default elementor-section-height-default\" data-id=\"b7e58f5\" data-element_type=\"section\" data-e-type=\"section\">\n\t\t\t\t\t\t<div class=\"elementor-container elementor-column-gap-default\">\n\t\t\t\t\t<div class=\"elementor-column elementor-col-100 elementor-top-column elementor-element elementor-element-5d7a439\" data-id=\"5d7a439\" data-element_type=\"column\" data-e-type=\"column\">\n\t\t\t<div class=\"elementor-widget-wrap elementor-element-populated\">\n\t\t\t\t\t\t<div class=\"elementor-element elementor-element-0897f41 elementor-widget elementor-widget-text-editor\" data-id=\"0897f41\" data-element_type=\"widget\" data-e-type=\"widget\" data-widget_type=\"text-editor.default\">\n\t\t\t\t<div class=\"elementor-widget-container\">\n\t\t\t\t\t\t\t\t\t<p>Der COPD Assessment Test (CAT) ist ein Fragebogen, mit dem der Schweregrad der Lungenerkrankung festgestellt werden kann. Er verhilft COPD-Patienten zu einer besseren Einsch\u00e4tzung ihrer Beschwerden und Einschr\u00e4nkungen im Alltag.<\/p><p>Der acht Punkte umfassende Fragenkatalog wurde im internationalen Expertenkonsens erarbeitet und validiert.<\/p><p>Neben den typischen <strong>Symptomen<\/strong> wie Husten und Atemnot flie\u00dfen auch die individuellen Tagesaktivit\u00e4ten und die subjektiv verf\u00fcgbare Lebensenergie in die Beurteilung ein. Dazu ist es sinnvoll, den CAT-Test regelm\u00e4\u00dfig durchzuf\u00fchren.<\/p><p>Vor allem stellt er jedoch f\u00fcr den Lungenfacharzt ein wichtiges Mittel zur Verlaufsbeurteilung der COPD dar. Mit dem ausgef\u00fcllten Fragebogen erh\u00e4lt der Arzt einen besseren Einblick in die individuellen Symptome und Probleme, die sich im Alltag des Patienten durch seine COPD ergeben. Aus den Ergebnissen des CAT kann der Arzt R\u00fcckschl\u00fcsse ziehen, ob er die Therapie anpassen muss. Ein individuell dem Krankheitsverlauf angepasster Behandlungsplan \u2013 vor allem wenn massive Einschr\u00e4nkungen im Alltag angegeben werden, \u2013 kann den Verlauf bremsen und der betroffenen Person den das Leben mit COPD erleichtern. Ein vor dem Arztbesuch ausgef\u00fcllter CAT ist f\u00fcr den Arzt eine wertvolle Hilfe.<\/p><p><strong>Acht kurze Fragen<\/strong><\/p><p>Auf einer Skala von 0 bis 5 wird das Ausma\u00df der Beschwerden ermittelt. Je st\u00e4rker und h\u00e4ufiger die Symptome sind, desto mehr Punkte werden vergeben und entsprechend angekreuzt. Ausgepr\u00e4gte COPD-Symptome liegen vor, wenn die Gesamtsumme des Tests bei zehn Punkten oder dar\u00fcber liegt. Je niedriger die Gesamtpunkteanzahl ist, desto weniger ist der Alltag durch die COPD beeintr\u00e4chtigt.<\/p>\t\t\t\t\t\t\t\t<\/div>\n\t\t\t\t<\/div>\n\t\t\t\t\t<\/div>\n\t\t<\/div>\n\t\t\t\t\t<\/div>\n\t\t<\/section>\n\t\t\t\t<section class=\"elementor-section elementor-top-section elementor-element elementor-element-7901846 elementor-section-boxed elementor-section-height-default elementor-section-height-default\" data-id=\"7901846\" data-element_type=\"section\" data-e-type=\"section\">\n\t\t\t\t\t\t<div class=\"elementor-container elementor-column-gap-default\">\n\t\t\t\t\t<div class=\"elementor-column elementor-col-100 elementor-top-column elementor-element elementor-element-3c08a58\" data-id=\"3c08a58\" data-element_type=\"column\" data-e-type=\"column\">\n\t\t\t<div class=\"elementor-widget-wrap elementor-element-populated\">\n\t\t\t\t\t\t<div class=\"elementor-element elementor-element-c470c3d elementor-widget elementor-widget-image\" data-id=\"c470c3d\" data-element_type=\"widget\" data-e-type=\"widget\" data-widget_type=\"image.default\">\n\t\t\t\t<div class=\"elementor-widget-container\">\n\t\t\t\t\t\t\t\t\t\t\t\t\t\t\t<img fetchpriority=\"high\" decoding=\"async\" width=\"768\" height=\"852\" src=\"https:\/\/copd-austria.at\/wordpress\/wp-content\/uploads\/2022\/02\/CAT-Test_COPD-Austria-768x852.jpg\" class=\"attachment-medium_large size-medium_large wp-image-10612\" alt=\"\" srcset=\"https:\/\/copd-austria.at\/wordpress\/wp-content\/uploads\/2022\/02\/CAT-Test_COPD-Austria-768x852.jpg 768w, https:\/\/copd-austria.at\/wordpress\/wp-content\/uploads\/2022\/02\/CAT-Test_COPD-Austria-270x300.jpg 270w, https:\/\/copd-austria.at\/wordpress\/wp-content\/uploads\/2022\/02\/CAT-Test_COPD-Austria-923x1024.jpg 923w, https:\/\/copd-austria.at\/wordpress\/wp-content\/uploads\/2022\/02\/CAT-Test_COPD-Austria-1385x1536.jpg 1385w, https:\/\/copd-austria.at\/wordpress\/wp-content\/uploads\/2022\/02\/CAT-Test_COPD-Austria.jpg 1475w\" sizes=\"(max-width: 768px) 100vw, 768px\" \/>\t\t\t\t\t\t\t\t\t\t\t\t\t\t\t<\/div>\n\t\t\t\t<\/div>\n\t\t\t\t\t<\/div>\n\t\t<\/div>\n\t\t\t\t\t<\/div>\n\t\t<\/section>\n\t\t\t\t<section class=\"elementor-section elementor-top-section elementor-element elementor-element-63406d0 elementor-section-boxed elementor-section-height-default elementor-section-height-default\" data-id=\"63406d0\" data-element_type=\"section\" data-e-type=\"section\">\n\t\t\t\t\t\t<div class=\"elementor-container elementor-column-gap-default\">\n\t\t\t\t\t<div class=\"elementor-column elementor-col-100 elementor-top-column elementor-element elementor-element-ddebbcb\" data-id=\"ddebbcb\" data-element_type=\"column\" data-e-type=\"column\">\n\t\t\t<div class=\"elementor-widget-wrap elementor-element-populated\">\n\t\t\t\t\t\t<div class=\"elementor-element elementor-element-bbfc592 elementor-align-center elementor-widget elementor-widget-button\" data-id=\"bbfc592\" data-element_type=\"widget\" data-e-type=\"widget\" data-widget_type=\"button.default\">\n\t\t\t\t<div class=\"elementor-widget-container\">\n\t\t\t\t\t\t\t\t\t<div class=\"elementor-button-wrapper\">\n\t\t\t\t\t<a class=\"elementor-button elementor-button-link elementor-size-sm\" href=\"https:\/\/copd-austria.at\/wordpress\/copd_PDF-Dokumente\/CAT-Test_COPD-Austria.pdf\">\n\t\t\t\t\t\t<span class=\"elementor-button-content-wrapper\">\n\t\t\t\t\t\t\t\t\t<span class=\"elementor-button-text\">CAT-Test als PDF herunterladen<\/span>\n\t\t\t\t\t<\/span>\n\t\t\t\t\t<\/a>\n\t\t\t\t<\/div>\n\t\t\t\t\t\t\t\t<\/div>\n\t\t\t\t<\/div>\n\t\t\t\t\t<\/div>\n\t\t<\/div>\n\t\t\t\t\t<\/div>\n\t\t<\/section>\n\t\t\t\t<section class=\"elementor-section elementor-top-section elementor-element elementor-element-10937a2 elementor-section-boxed elementor-section-height-default elementor-section-height-default\" data-id=\"10937a2\" data-element_type=\"section\" data-e-type=\"section\">\n\t\t\t\t\t\t<div class=\"elementor-container elementor-column-gap-default\">\n\t\t\t\t\t<div class=\"elementor-column elementor-col-100 elementor-top-column elementor-element elementor-element-71cc34f\" data-id=\"71cc34f\" data-element_type=\"column\" data-e-type=\"column\">\n\t\t\t<div class=\"elementor-widget-wrap elementor-element-populated\">\n\t\t\t\t\t\t<div class=\"elementor-element elementor-element-e6e9cbc elementor-widget elementor-widget-text-editor\" data-id=\"e6e9cbc\" data-element_type=\"widget\" data-e-type=\"widget\" data-widget_type=\"text-editor.default\">\n\t\t\t\t<div class=\"elementor-widget-container\">\n\t\t\t\t\t\t\t\t\t<p>Ihr k\u00f6nnt den hier abgebildeten CAT-Test als PDF herunterladen, ausdrucken und den ausgef\u00fcllten Test zur Kontrolluntersuchung beim Lungenarzt mitbringen.<\/p><p>Alternativ gibt es den Test auch zum online-Ausf\u00fcllen und anschlie\u00dfendem Ausdrucken unter:<\/p><h3 style=\"text-align: center;\"><a href=\"https:\/\/www.catestonline.org\/patient-site-test-page-german-germany.html\" target=\"_blank\" rel=\"noopener\"><strong>www.catestonline.org<\/strong><\/a><\/h3><p style=\"text-align: center;\">CAT, COPD-Beurteilungstest und das CAT-Logo sind Marken der GSK Unternehmensgruppe. \u00a92009 GSK. Alle Rechte vorbehalten.<\/p>\t\t\t\t\t\t\t\t<\/div>\n\t\t\t\t<\/div>\n\t\t\t\t\t<\/div>\n\t\t<\/div>\n\t\t\t\t\t<\/div>\n\t\t<\/section>\n\t\t\t\t<\/div>\n\t\t","protected":false},"excerpt":{"rendered":"<p>Der CAT-Test Der COPD Assessment Test (CAT) ist ein Fragebogen, mit dem der Schweregrad der Lungenerkrankung festgestellt werden kann. Er verhilft COPD-Patienten zu einer besseren Einsch\u00e4tzung ihrer Beschwerden und Einschr\u00e4nkungen im Alltag. Der acht Punkte umfassende Fragenkatalog wurde im internationalen Expertenkonsens erarbeitet und validiert. Neben den typischen Symptomen wie Husten und Atemnot flie\u00dfen auch die [&hellip;]<\/p>\n","protected":false},"author":1,"featured_media":0,"parent":346,"menu_order":2,"comment_status":"closed","ping_status":"closed","template":"elementor_theme","meta":{"footnotes":""},"class_list":["post-10117","page","type-page","status-publish","hentry"],"_links":{"self":[{"href":"https:\/\/copd-austria.at\/wordpress\/wp-json\/wp\/v2\/pages\/10117","targetHints":{"allow":["GET"]}}],"collection":[{"href":"https:\/\/copd-austria.at\/wordpress\/wp-json\/wp\/v2\/pages"}],"about":[{"href":"https:\/\/copd-austria.at\/wordpress\/wp-json\/wp\/v2\/types\/page"}],"author":[{"embeddable":true,"href":"https:\/\/copd-austria.at\/wordpress\/wp-json\/wp\/v2\/users\/1"}],"replies":[{"embeddable":true,"href":"https:\/\/copd-austria.at\/wordpress\/wp-json\/wp\/v2\/comments?post=10117"}],"version-history":[{"count":0,"href":"https:\/\/copd-austria.at\/wordpress\/wp-json\/wp\/v2\/pages\/10117\/revisions"}],"up":[{"embeddable":true,"href":"https:\/\/copd-austria.at\/wordpress\/wp-json\/wp\/v2\/pages\/346"}],"wp:attachment":[{"href":"https:\/\/copd-austria.at\/wordpress\/wp-json\/wp\/v2\/media?parent=10117"}],"curies":[{"name":"wp","href":"https:\/\/api.w.org\/{rel}","templated":true}]}}