{"id":1751,"date":"2019-10-08T23:11:35","date_gmt":"2019-10-08T21:11:35","guid":{"rendered":"https:\/\/copd-austria.at\/wordpress\/?page_id=1751"},"modified":"2024-02-20T17:39:27","modified_gmt":"2024-02-20T16:39:27","slug":"praktische-tipps","status":"publish","type":"page","link":"https:\/\/copd-austria.at\/wordpress\/praktische-tipps\/","title":{"rendered":"Praktische Tipps &#8230;"},"content":{"rendered":"\t\t<div data-elementor-type=\"wp-page\" data-elementor-id=\"1751\" class=\"elementor elementor-1751\" data-elementor-post-type=\"page\">\n\t\t\t\t\t\t<section class=\"elementor-section elementor-top-section elementor-element elementor-element-4a67895 elementor-section-boxed elementor-section-height-default elementor-section-height-default\" data-id=\"4a67895\" data-element_type=\"section\" data-e-type=\"section\">\n\t\t\t\t\t\t<div class=\"elementor-container elementor-column-gap-default\">\n\t\t\t\t\t<div class=\"elementor-column elementor-col-100 elementor-top-column elementor-element elementor-element-35558b6\" data-id=\"35558b6\" data-element_type=\"column\" data-e-type=\"column\">\n\t\t\t<div class=\"elementor-widget-wrap elementor-element-populated\">\n\t\t\t\t\t\t<div class=\"elementor-element elementor-element-06a0f04 elementor-widget elementor-widget-text-editor\" data-id=\"06a0f04\" data-element_type=\"widget\" data-e-type=\"widget\" data-widget_type=\"text-editor.default\">\n\t\t\t\t<div class=\"elementor-widget-container\">\n\t\t\t\t\t\t\t\t\t<h3><span style=\"color: #000000;\">Auf dieser Seite sammeln wir f\u00fcr euch praktische Tipps und Anleitungen zum Umgang mit Sauerstoff, Konzetratoren, Inhalatoren und anderen Ger\u00e4ten. Aber auch Informationen, die das Leben mit COPD erleichtern.<\/span><\/h3>\t\t\t\t\t\t\t\t<\/div>\n\t\t\t\t<\/div>\n\t\t\t\t\t<\/div>\n\t\t<\/div>\n\t\t\t\t\t<\/div>\n\t\t<\/section>\n\t\t<div class=\"elementor-element elementor-element-25313cc e-flex e-con-boxed e-con e-parent\" data-id=\"25313cc\" data-element_type=\"container\" data-e-type=\"container\">\n\t\t\t\t\t<div class=\"e-con-inner\">\n\t\t<div class=\"elementor-element elementor-element-63c3270 e-con-full e-flex e-con e-child\" data-id=\"63c3270\" data-element_type=\"container\" data-e-type=\"container\">\n\t\t\t\t<div class=\"elementor-element elementor-element-a4e648f elementor-widget elementor-widget-image\" data-id=\"a4e648f\" data-element_type=\"widget\" data-e-type=\"widget\" data-widget_type=\"image.default\">\n\t\t\t\t<div class=\"elementor-widget-container\">\n\t\t\t\t\t\t\t\t\t\t\t\t\t\t\t<img fetchpriority=\"high\" decoding=\"async\" width=\"768\" height=\"384\" src=\"https:\/\/copd-austria.at\/wordpress\/wp-content\/uploads\/2022\/08\/Linde-Logo_web_05-2022-768x384.jpg\" class=\"attachment-medium_large size-medium_large wp-image-13182\" alt=\"Linde Logo CMYK\" srcset=\"https:\/\/copd-austria.at\/wordpress\/wp-content\/uploads\/2022\/08\/Linde-Logo_web_05-2022-768x384.jpg 768w, https:\/\/copd-austria.at\/wordpress\/wp-content\/uploads\/2022\/08\/Linde-Logo_web_05-2022-300x150.jpg 300w, https:\/\/copd-austria.at\/wordpress\/wp-content\/uploads\/2022\/08\/Linde-Logo_web_05-2022.jpg 850w\" sizes=\"(max-width: 768px) 100vw, 768px\" \/>\t\t\t\t\t\t\t\t\t\t\t\t\t\t\t<\/div>\n\t\t\t\t<\/div>\n\t\t\t\t<div class=\"elementor-element elementor-element-c23073a elementor-widget elementor-widget-text-editor\" data-id=\"c23073a\" data-element_type=\"widget\" data-e-type=\"widget\" data-widget_type=\"text-editor.default\">\n\t\t\t\t<div class=\"elementor-widget-container\">\n\t\t\t\t\t\t\t\t\t<p style=\"text-align: center;\">Video \u00fcber das <span style=\"color: #1e73be;\"><a style=\"color: #1e73be;\" href=\"https:\/\/www.linde-healthcare-elementar.de\/wcsstore\/DE_Homecare_Store\/Attachment\/video\/Linde-Gas-Therapeutics-Dreamstation-Einweisung.mp4\" target=\"_blank\" rel=\"noopener\">Auff\u00fcllen von mobilen Fl\u00fcssigsauerstoff-Ger\u00e4ten<\/a><\/span><\/p>\t\t\t\t\t\t\t\t<\/div>\n\t\t\t\t<\/div>\n\t\t\t\t<\/div>\n\t\t<div class=\"elementor-element elementor-element-9a98b8c e-con-full e-flex e-con e-child\" data-id=\"9a98b8c\" data-element_type=\"container\" data-e-type=\"container\">\n\t\t\t\t<div class=\"elementor-element elementor-element-c77f8d8 elementor-widget elementor-widget-text-editor\" data-id=\"c77f8d8\" data-element_type=\"widget\" data-e-type=\"widget\" data-widget_type=\"text-editor.default\">\n\t\t\t\t<div class=\"elementor-widget-container\">\n\t\t\t\t\t\t\t\t\t<h3><span style=\"color: #1e73be;\">YOGA bei COPD?<\/span><\/h3><p>Die Studien zeigten, dass sich Yoga auch positiv auf COPD auswirken kann. <br \/>Yoga lohnt sich somit nicht nur, um dem stressigen Alltag kurzzeitig zu entfliehen, sondern kr\u00e4ftigt zeitgleich den K\u00f6rper und speziell die Lunge.<\/p><p><strong><a href=\"https:\/\/online.us17.list-manage.com\/track\/click?u=4af3cb43d230cf1c6ca7a10fd&amp;id=866da91c74&amp;e=afa44163dc\" target=\"_blank\" rel=\"noopener\">Weiter <br \/>zum vollst\u00e4ndigen Bericht \u2192<\/a><\/strong><\/p>\t\t\t\t\t\t\t\t<\/div>\n\t\t\t\t<\/div>\n\t\t\t\t<\/div>\n\t\t<div class=\"elementor-element elementor-element-c6306ed e-con-full e-flex e-con e-child\" data-id=\"c6306ed\" data-element_type=\"container\" data-e-type=\"container\">\n\t\t\t\t<div class=\"elementor-element elementor-element-befd5f2 elementor-widget elementor-widget-text-editor\" data-id=\"befd5f2\" data-element_type=\"widget\" data-e-type=\"widget\" data-widget_type=\"text-editor.default\">\n\t\t\t\t<div class=\"elementor-widget-container\">\n\t\t\t\t\t\t\t\t\t<h3><span style=\"color: #1e73be;\">Darf man mit COPD fliegen?<\/span><\/h3><p>Wenn Sie in mehreren Kilometern H\u00f6he fliegen, sinkt der Luftdruck im Flugzeug betr\u00e4chtlich. Was ein gesunder Mensch wegsteckt, kann f\u00fcr COPD-Patienten zu einer Verst\u00e4rkung der Symptome und sogar zu einer lebensbedrohlichen Hypoxie f\u00fchren.<\/p><p><a href=\"https:\/\/www.leichter-atmen.de\/copd-fliegen\" target=\"_blank\" rel=\"noopener\"><strong>Weiter <br \/>zum vollst\u00e4ngien Bericht \u2192<\/strong><\/a><\/p>\t\t\t\t\t\t\t\t<\/div>\n\t\t\t\t<\/div>\n\t\t\t\t<\/div>\n\t\t\t\t\t<\/div>\n\t\t\t\t<\/div>\n\t\t\t\t<section class=\"elementor-section elementor-top-section elementor-element elementor-element-a2faeea elementor-section-boxed elementor-section-height-default elementor-section-height-default\" data-id=\"a2faeea\" data-element_type=\"section\" data-e-type=\"section\">\n\t\t\t\t\t\t<div class=\"elementor-container elementor-column-gap-default\">\n\t\t\t\t\t<div class=\"elementor-column elementor-col-33 elementor-top-column elementor-element elementor-element-d9dec28\" data-id=\"d9dec28\" data-element_type=\"column\" data-e-type=\"column\">\n\t\t\t<div class=\"elementor-widget-wrap elementor-element-populated\">\n\t\t\t\t\t\t<div class=\"elementor-element elementor-element-233ec49 elementor-widget elementor-widget-text-editor\" data-id=\"233ec49\" data-element_type=\"widget\" data-e-type=\"widget\" data-widget_type=\"text-editor.default\">\n\t\t\t\t<div class=\"elementor-widget-container\">\n\t\t\t\t\t\t\t\t\t<p>Anwendungstipps von<\/p>\t\t\t\t\t\t\t\t<\/div>\n\t\t\t\t<\/div>\n\t\t\t\t<div class=\"elementor-element elementor-element-5fc32f4 elementor-widget elementor-widget-image\" data-id=\"5fc32f4\" data-element_type=\"widget\" data-e-type=\"widget\" data-widget_type=\"image.default\">\n\t\t\t\t<div class=\"elementor-widget-container\">\n\t\t\t\t\t\t\t\t\t\t\t\t\t\t\t\t<a href=\"https:\/\/boehringer-ingelheim.at\">\n\t\t\t\t\t\t\t<img decoding=\"async\" width=\"768\" height=\"232\" src=\"https:\/\/copd-austria.at\/wordpress\/wp-content\/uploads\/2020\/03\/Boehringer-Blue-RGB-Logo-768x232.png\" class=\"attachment-medium_large size-medium_large wp-image-3521\" alt=\"Boehringer Logo\" srcset=\"https:\/\/copd-austria.at\/wordpress\/wp-content\/uploads\/2020\/03\/Boehringer-Blue-RGB-Logo-768x232.png 768w, https:\/\/copd-austria.at\/wordpress\/wp-content\/uploads\/2020\/03\/Boehringer-Blue-RGB-Logo-300x91.png 300w, https:\/\/copd-austria.at\/wordpress\/wp-content\/uploads\/2020\/03\/Boehringer-Blue-RGB-Logo.png 800w\" sizes=\"(max-width: 768px) 100vw, 768px\" \/>\t\t\t\t\t\t\t\t<\/a>\n\t\t\t\t\t\t\t\t\t\t\t\t\t\t\t<\/div>\n\t\t\t\t<\/div>\n\t\t\t\t\t<\/div>\n\t\t<\/div>\n\t\t\t\t<div class=\"elementor-column elementor-col-33 elementor-top-column elementor-element elementor-element-54fd25b\" data-id=\"54fd25b\" data-element_type=\"column\" data-e-type=\"column\">\n\t\t\t<div class=\"elementor-widget-wrap elementor-element-populated\">\n\t\t\t\t\t\t<div class=\"elementor-element elementor-element-064c6dc elementor-widget elementor-widget-text-editor\" data-id=\"064c6dc\" data-element_type=\"widget\" data-e-type=\"widget\" data-widget_type=\"text-editor.default\">\n\t\t\t\t<div class=\"elementor-widget-container\">\n\t\t\t\t\t\t\t\t\t<p><a href=\"https:\/\/copd-austria.at\/copd_PDF-Dokumente\/Respimat Anleitung_2023.pdf\" target=\"_blank\" rel=\"noopener\" data-wplink-url-error=\"true\"><strong>Respimat Anleitung <\/strong><\/a><strong><a href=\"https:\/\/online.us17.list-manage.com\/track\/click?u=4af3cb43d230cf1c6ca7a10fd&amp;id=866da91c74&amp;e=afa44163dc\" target=\"_blank\" rel=\"noopener\">\u2192<\/a><\/strong><\/p>\t\t\t\t\t\t\t\t<\/div>\n\t\t\t\t<\/div>\n\t\t\t\t<div class=\"elementor-element elementor-element-8459c99 elementor-widget elementor-widget-image\" data-id=\"8459c99\" data-element_type=\"widget\" data-e-type=\"widget\" data-widget_type=\"image.default\">\n\t\t\t\t<div class=\"elementor-widget-container\">\n\t\t\t\t\t\t\t\t\t\t\t\t\t\t\t\t<a href=\"https:\/\/copd-austria.at\/wordpress\/copd_PDF-Dokumente\/Respimat_Anleitung_2023.pdf\" target=\"_blank\">\n\t\t\t\t\t\t\t<img decoding=\"async\" width=\"600\" height=\"411\" src=\"https:\/\/copd-austria.at\/wordpress\/wp-content\/uploads\/2020\/04\/Respimat-Anleitung.jpg\" class=\"attachment-medium_large size-medium_large wp-image-3815\" alt=\"Respmat Anleitung\" srcset=\"https:\/\/copd-austria.at\/wordpress\/wp-content\/uploads\/2020\/04\/Respimat-Anleitung.jpg 600w, https:\/\/copd-austria.at\/wordpress\/wp-content\/uploads\/2020\/04\/Respimat-Anleitung-300x206.jpg 300w\" sizes=\"(max-width: 600px) 100vw, 600px\" \/>\t\t\t\t\t\t\t\t<\/a>\n\t\t\t\t\t\t\t\t\t\t\t\t\t\t\t<\/div>\n\t\t\t\t<\/div>\n\t\t\t\t\t<\/div>\n\t\t<\/div>\n\t\t\t\t<div class=\"elementor-column elementor-col-33 elementor-top-column elementor-element elementor-element-2ce3a16\" data-id=\"2ce3a16\" data-element_type=\"column\" data-e-type=\"column\">\n\t\t\t<div class=\"elementor-widget-wrap elementor-element-populated\">\n\t\t\t\t\t\t<div class=\"elementor-element elementor-element-be01f13 elementor-widget elementor-widget-text-editor\" data-id=\"be01f13\" data-element_type=\"widget\" data-e-type=\"widget\" data-widget_type=\"text-editor.default\">\n\t\t\t\t<div class=\"elementor-widget-container\">\n\t\t\t\t\t\t\t\t\t<p><a href=\"https:\/\/patient.boehringer-ingelheim.com\/at\/respimat\/\" target=\"_blank\" rel=\"noopener\" data-wplink-edit=\"true\"><strong>Respimat Schulung <\/strong><\/a><strong><a href=\"https:\/\/online.us17.list-manage.com\/track\/click?u=4af3cb43d230cf1c6ca7a10fd&amp;id=866da91c74&amp;e=afa44163dc\" target=\"_blank\" rel=\"noopener\">\u2192<\/a><\/strong><\/p>\t\t\t\t\t\t\t\t<\/div>\n\t\t\t\t<\/div>\n\t\t\t\t<div class=\"elementor-element elementor-element-83df4a7 elementor-widget elementor-widget-image\" data-id=\"83df4a7\" data-element_type=\"widget\" data-e-type=\"widget\" data-widget_type=\"image.default\">\n\t\t\t\t<div class=\"elementor-widget-container\">\n\t\t\t\t\t\t\t\t\t\t\t\t\t\t\t\t<a href=\"http:\/\/www.respimat-schulung.at\" target=\"_blank\">\n\t\t\t\t\t\t\t<img loading=\"lazy\" decoding=\"async\" width=\"300\" height=\"160\" src=\"https:\/\/copd-austria.at\/wordpress\/wp-content\/uploads\/2020\/04\/Respimat-Schuling-300x160.jpg\" class=\"attachment-medium size-medium wp-image-3816\" alt=\"\" srcset=\"https:\/\/copd-austria.at\/wordpress\/wp-content\/uploads\/2020\/04\/Respimat-Schuling-300x160.jpg 300w, https:\/\/copd-austria.at\/wordpress\/wp-content\/uploads\/2020\/04\/Respimat-Schuling.jpg 330w\" sizes=\"(max-width: 300px) 100vw, 300px\" \/>\t\t\t\t\t\t\t\t<\/a>\n\t\t\t\t\t\t\t\t\t\t\t\t\t\t\t<\/div>\n\t\t\t\t<\/div>\n\t\t\t\t\t<\/div>\n\t\t<\/div>\n\t\t\t\t\t<\/div>\n\t\t<\/section>\n\t\t\t\t<\/div>\n\t\t","protected":false},"excerpt":{"rendered":"<p>Auf dieser Seite sammeln wir f\u00fcr euch praktische Tipps und Anleitungen zum Umgang mit Sauerstoff, Konzetratoren, Inhalatoren und anderen Ger\u00e4ten. Aber auch Informationen, die das Leben mit COPD erleichtern. Video \u00fcber das Auff\u00fcllen von mobilen Fl\u00fcssigsauerstoff-Ger\u00e4ten YOGA bei COPD? Die Studien zeigten, dass sich Yoga auch positiv auf COPD auswirken kann. Yoga lohnt sich somit [&hellip;]<\/p>\n","protected":false},"author":1,"featured_media":0,"parent":0,"menu_order":0,"comment_status":"closed","ping_status":"closed","template":"elementor_theme","meta":{"footnotes":""},"class_list":["post-1751","page","type-page","status-publish","hentry"],"_links":{"self":[{"href":"https:\/\/copd-austria.at\/wordpress\/wp-json\/wp\/v2\/pages\/1751","targetHints":{"allow":["GET"]}}],"collection":[{"href":"https:\/\/copd-austria.at\/wordpress\/wp-json\/wp\/v2\/pages"}],"about":[{"href":"https:\/\/copd-austria.at\/wordpress\/wp-json\/wp\/v2\/types\/page"}],"author":[{"embeddable":true,"href":"https:\/\/copd-austria.at\/wordpress\/wp-json\/wp\/v2\/users\/1"}],"replies":[{"embeddable":true,"href":"https:\/\/copd-austria.at\/wordpress\/wp-json\/wp\/v2\/comments?post=1751"}],"version-history":[{"count":0,"href":"https:\/\/copd-austria.at\/wordpress\/wp-json\/wp\/v2\/pages\/1751\/revisions"}],"wp:attachment":[{"href":"https:\/\/copd-austria.at\/wordpress\/wp-json\/wp\/v2\/media?parent=1751"}],"curies":[{"name":"wp","href":"https:\/\/api.w.org\/{rel}","templated":true}]}}