{"id":3611,"date":"2020-03-13T13:26:35","date_gmt":"2020-03-13T12:26:35","guid":{"rendered":"https:\/\/copd-austria.at\/wordpress\/?page_id=3611"},"modified":"2023-10-11T21:15:56","modified_gmt":"2023-10-11T19:15:56","slug":"online-kurse","status":"publish","type":"page","link":"https:\/\/copd-austria.at\/wordpress\/online-kurse\/","title":{"rendered":"Online Kurse"},"content":{"rendered":"\t\t<div data-elementor-type=\"wp-page\" data-elementor-id=\"3611\" class=\"elementor elementor-3611\" data-elementor-post-type=\"page\">\n\t\t\t\t\t\t<section class=\"elementor-section elementor-top-section elementor-element elementor-element-4c95d0f elementor-section-boxed elementor-section-height-default elementor-section-height-default\" data-id=\"4c95d0f\" data-element_type=\"section\" data-e-type=\"section\">\n\t\t\t\t\t\t<div class=\"elementor-container elementor-column-gap-default\">\n\t\t\t\t\t<div class=\"elementor-column elementor-col-50 elementor-top-column elementor-element elementor-element-7017b62\" data-id=\"7017b62\" data-element_type=\"column\" data-e-type=\"column\">\n\t\t\t<div class=\"elementor-widget-wrap elementor-element-populated\">\n\t\t\t\t\t\t<div class=\"elementor-element elementor-element-b53992e elementor-widget elementor-widget-image\" data-id=\"b53992e\" data-element_type=\"widget\" data-e-type=\"widget\" data-widget_type=\"image.default\">\n\t\t\t\t<div class=\"elementor-widget-container\">\n\t\t\t\t\t\t\t\t\t\t\t\t\t\t\t<img decoding=\"async\" width=\"267\" height=\"80\" src=\"https:\/\/copd-austria.at\/wordpress\/wp-content\/uploads\/2020\/03\/selpers-Gesundes-Lernen.png\" class=\"attachment-medium size-medium wp-image-3518\" alt=\"\" \/>\t\t\t\t\t\t\t\t\t\t\t\t\t\t\t<\/div>\n\t\t\t\t<\/div>\n\t\t\t\t\t<\/div>\n\t\t<\/div>\n\t\t\t\t<div class=\"elementor-column elementor-col-50 elementor-top-column elementor-element elementor-element-6945ca1\" data-id=\"6945ca1\" data-element_type=\"column\" data-e-type=\"column\">\n\t\t\t<div class=\"elementor-widget-wrap elementor-element-populated\">\n\t\t\t\t\t\t<div class=\"elementor-element elementor-element-9ca05c0 elementor-widget elementor-widget-text-editor\" data-id=\"9ca05c0\" data-element_type=\"widget\" data-e-type=\"widget\" data-widget_type=\"text-editor.default\">\n\t\t\t\t<div class=\"elementor-widget-container\">\n\t\t\t\t\t\t\t\t\t<h3><span style=\"color: #808080;\"><strong>selpers<\/strong><\/span> hat zum Thema COPD zahleiche <span style=\"color: #ff0000;\">Online-Kurse <\/span><br \/>die h\u00f6chst relevant sind.<\/h3><h3>Die Kurse sind Kostenlos und ohne Anmeldung verf\u00fcgbar. <br \/>Hier enige der angebotenen Themen:<\/h3>\t\t\t\t\t\t\t\t<\/div>\n\t\t\t\t<\/div>\n\t\t\t\t\t<\/div>\n\t\t<\/div>\n\t\t\t\t\t<\/div>\n\t\t<\/section>\n\t\t\t\t<section class=\"elementor-section elementor-top-section elementor-element elementor-element-50e376a elementor-section-boxed elementor-section-height-default elementor-section-height-default\" data-id=\"50e376a\" data-element_type=\"section\" data-e-type=\"section\">\n\t\t\t\t\t\t<div class=\"elementor-container elementor-column-gap-default\">\n\t\t\t\t\t<div class=\"elementor-column elementor-col-25 elementor-top-column elementor-element elementor-element-806cc7b\" data-id=\"806cc7b\" data-element_type=\"column\" data-e-type=\"column\">\n\t\t\t<div class=\"elementor-widget-wrap elementor-element-populated\">\n\t\t\t\t\t\t<div class=\"elementor-element elementor-element-a45dcfd elementor-widget elementor-widget-image\" data-id=\"a45dcfd\" data-element_type=\"widget\" data-e-type=\"widget\" data-widget_type=\"image.default\">\n\t\t\t\t<div class=\"elementor-widget-container\">\n\t\t\t\t\t\t\t\t\t\t\t\t\t\t\t\t<a href=\"https:\/\/selpers.com\/kurs\/copd-management\/%20\" target=\"_blank\">\n\t\t\t\t\t\t\t<img fetchpriority=\"high\" decoding=\"async\" width=\"720\" height=\"432\" src=\"https:\/\/copd-austria.at\/wordpress\/wp-content\/uploads\/2020\/10\/selpers_COPD-Management.jpg\" class=\"attachment-medium_large size-medium_large wp-image-4156\" alt=\"\" srcset=\"https:\/\/copd-austria.at\/wordpress\/wp-content\/uploads\/2020\/10\/selpers_COPD-Management.jpg 720w, https:\/\/copd-austria.at\/wordpress\/wp-content\/uploads\/2020\/10\/selpers_COPD-Management-300x180.jpg 300w\" sizes=\"(max-width: 720px) 100vw, 720px\" \/>\t\t\t\t\t\t\t\t<\/a>\n\t\t\t\t\t\t\t\t\t\t\t\t\t\t\t<\/div>\n\t\t\t\t<\/div>\n\t\t\t\t\t<\/div>\n\t\t<\/div>\n\t\t\t\t<div class=\"elementor-column elementor-col-25 elementor-top-column elementor-element elementor-element-371efe6\" data-id=\"371efe6\" data-element_type=\"column\" data-e-type=\"column\">\n\t\t\t<div class=\"elementor-widget-wrap elementor-element-populated\">\n\t\t\t\t\t\t<div class=\"elementor-element elementor-element-5cbc774 elementor-widget elementor-widget-image\" data-id=\"5cbc774\" data-element_type=\"widget\" data-e-type=\"widget\" data-widget_type=\"image.default\">\n\t\t\t\t<div class=\"elementor-widget-container\">\n\t\t\t\t\t\t\t\t\t\t\t\t\t\t\t\t<a href=\"https:\/\/selpers.com\/kurs\/infektionsvermeidung-bei-copd\/%20\" target=\"_blank\">\n\t\t\t\t\t\t\t<img decoding=\"async\" width=\"720\" height=\"432\" src=\"https:\/\/copd-austria.at\/wordpress\/wp-content\/uploads\/2020\/10\/selpers_Infektionsvermeidung-bei-COPD.jpg\" class=\"attachment-medium_large size-medium_large wp-image-4159\" alt=\"\" srcset=\"https:\/\/copd-austria.at\/wordpress\/wp-content\/uploads\/2020\/10\/selpers_Infektionsvermeidung-bei-COPD.jpg 720w, https:\/\/copd-austria.at\/wordpress\/wp-content\/uploads\/2020\/10\/selpers_Infektionsvermeidung-bei-COPD-300x180.jpg 300w\" sizes=\"(max-width: 720px) 100vw, 720px\" \/>\t\t\t\t\t\t\t\t<\/a>\n\t\t\t\t\t\t\t\t\t\t\t\t\t\t\t<\/div>\n\t\t\t\t<\/div>\n\t\t\t\t\t<\/div>\n\t\t<\/div>\n\t\t\t\t<div class=\"elementor-column elementor-col-25 elementor-top-column elementor-element elementor-element-da73908\" data-id=\"da73908\" data-element_type=\"column\" data-e-type=\"column\">\n\t\t\t<div class=\"elementor-widget-wrap elementor-element-populated\">\n\t\t\t\t\t\t<div class=\"elementor-element elementor-element-1d667b1 elementor-widget elementor-widget-image\" data-id=\"1d667b1\" data-element_type=\"widget\" data-e-type=\"widget\" data-widget_type=\"image.default\">\n\t\t\t\t<div class=\"elementor-widget-container\">\n\t\t\t\t\t\t\t\t\t\t\t\t\t\t\t\t<a href=\"https:\/\/selpers.com\/kurs\/uebungen-bei-copd\/%20\" target=\"_blank\">\n\t\t\t\t\t\t\t<img loading=\"lazy\" decoding=\"async\" width=\"720\" height=\"432\" src=\"https:\/\/copd-austria.at\/wordpress\/wp-content\/uploads\/2020\/10\/selpers_Uebungen-bei-COPD.jpg\" class=\"attachment-medium_large size-medium_large wp-image-4162\" alt=\"\" srcset=\"https:\/\/copd-austria.at\/wordpress\/wp-content\/uploads\/2020\/10\/selpers_Uebungen-bei-COPD.jpg 720w, https:\/\/copd-austria.at\/wordpress\/wp-content\/uploads\/2020\/10\/selpers_Uebungen-bei-COPD-300x180.jpg 300w\" sizes=\"(max-width: 720px) 100vw, 720px\" \/>\t\t\t\t\t\t\t\t<\/a>\n\t\t\t\t\t\t\t\t\t\t\t\t\t\t\t<\/div>\n\t\t\t\t<\/div>\n\t\t\t\t\t<\/div>\n\t\t<\/div>\n\t\t\t\t<div class=\"elementor-column elementor-col-25 elementor-top-column elementor-element elementor-element-e361f85\" data-id=\"e361f85\" data-element_type=\"column\" data-e-type=\"column\">\n\t\t\t<div class=\"elementor-widget-wrap elementor-element-populated\">\n\t\t\t\t\t\t<div class=\"elementor-element elementor-element-06e83dd elementor-widget elementor-widget-image\" data-id=\"06e83dd\" data-element_type=\"widget\" data-e-type=\"widget\" data-widget_type=\"image.default\">\n\t\t\t\t<div class=\"elementor-widget-container\">\n\t\t\t\t\t\t\t\t\t\t\t\t\t\t\t\t<a href=\"https:\/\/selpers.com\/kurs\/reisen-miti-copd\/%20\" target=\"_blank\">\n\t\t\t\t\t\t\t<img loading=\"lazy\" decoding=\"async\" width=\"720\" height=\"432\" src=\"https:\/\/copd-austria.at\/wordpress\/wp-content\/uploads\/2020\/10\/selpers_Reisen-mit-COPD.jpg\" class=\"attachment-medium_large size-medium_large wp-image-4160\" alt=\"\" srcset=\"https:\/\/copd-austria.at\/wordpress\/wp-content\/uploads\/2020\/10\/selpers_Reisen-mit-COPD.jpg 720w, https:\/\/copd-austria.at\/wordpress\/wp-content\/uploads\/2020\/10\/selpers_Reisen-mit-COPD-300x180.jpg 300w\" sizes=\"(max-width: 720px) 100vw, 720px\" \/>\t\t\t\t\t\t\t\t<\/a>\n\t\t\t\t\t\t\t\t\t\t\t\t\t\t\t<\/div>\n\t\t\t\t<\/div>\n\t\t\t\t\t<\/div>\n\t\t<\/div>\n\t\t\t\t\t<\/div>\n\t\t<\/section>\n\t\t\t\t<section class=\"elementor-section elementor-top-section elementor-element elementor-element-b21f437 elementor-section-boxed elementor-section-height-default elementor-section-height-default\" data-id=\"b21f437\" data-element_type=\"section\" data-e-type=\"section\">\n\t\t\t\t\t\t<div class=\"elementor-container elementor-column-gap-default\">\n\t\t\t\t\t<div class=\"elementor-column elementor-col-25 elementor-top-column elementor-element elementor-element-107bce3\" data-id=\"107bce3\" data-element_type=\"column\" data-e-type=\"column\">\n\t\t\t<div class=\"elementor-widget-wrap elementor-element-populated\">\n\t\t\t\t\t\t<div class=\"elementor-element elementor-element-df5aa45 elementor-widget elementor-widget-image\" data-id=\"df5aa45\" data-element_type=\"widget\" data-e-type=\"widget\" data-widget_type=\"image.default\">\n\t\t\t\t<div class=\"elementor-widget-container\">\n\t\t\t\t\t\t\t\t\t\t\t\t\t\t\t\t<a href=\"https:\/\/selpers.com\/kurs\/sauerstofftherapie-bei-copd\/\" target=\"_blank\">\n\t\t\t\t\t\t\t<img loading=\"lazy\" decoding=\"async\" width=\"720\" height=\"432\" src=\"https:\/\/copd-austria.at\/wordpress\/wp-content\/uploads\/2020\/10\/selpers_Sauerstofftherapie-bei-COPD.jpg\" class=\"attachment-medium_large size-medium_large wp-image-4161\" alt=\"\" srcset=\"https:\/\/copd-austria.at\/wordpress\/wp-content\/uploads\/2020\/10\/selpers_Sauerstofftherapie-bei-COPD.jpg 720w, https:\/\/copd-austria.at\/wordpress\/wp-content\/uploads\/2020\/10\/selpers_Sauerstofftherapie-bei-COPD-300x180.jpg 300w\" sizes=\"(max-width: 720px) 100vw, 720px\" \/>\t\t\t\t\t\t\t\t<\/a>\n\t\t\t\t\t\t\t\t\t\t\t\t\t\t\t<\/div>\n\t\t\t\t<\/div>\n\t\t\t\t\t<\/div>\n\t\t<\/div>\n\t\t\t\t<div class=\"elementor-column elementor-col-25 elementor-top-column elementor-element elementor-element-24b23d8\" data-id=\"24b23d8\" data-element_type=\"column\" data-e-type=\"column\">\n\t\t\t<div class=\"elementor-widget-wrap elementor-element-populated\">\n\t\t\t\t\t\t<div class=\"elementor-element elementor-element-7911d09 elementor-widget elementor-widget-image\" data-id=\"7911d09\" data-element_type=\"widget\" data-e-type=\"widget\" data-widget_type=\"image.default\">\n\t\t\t\t<div class=\"elementor-widget-container\">\n\t\t\t\t\t\t\t\t\t\t\t\t\t\t\t\t<a href=\"https:\/\/selpers.com\/kurs\/in-bewegung-mit-copd\/\" target=\"_blank\">\n\t\t\t\t\t\t\t<img loading=\"lazy\" decoding=\"async\" width=\"720\" height=\"432\" src=\"https:\/\/copd-austria.at\/wordpress\/wp-content\/uploads\/2020\/10\/selpers_In-Bewegung-mit-COPD.jpg\" class=\"attachment-medium_large size-medium_large wp-image-4158\" alt=\"\" srcset=\"https:\/\/copd-austria.at\/wordpress\/wp-content\/uploads\/2020\/10\/selpers_In-Bewegung-mit-COPD.jpg 720w, https:\/\/copd-austria.at\/wordpress\/wp-content\/uploads\/2020\/10\/selpers_In-Bewegung-mit-COPD-300x180.jpg 300w\" sizes=\"(max-width: 720px) 100vw, 720px\" \/>\t\t\t\t\t\t\t\t<\/a>\n\t\t\t\t\t\t\t\t\t\t\t\t\t\t\t<\/div>\n\t\t\t\t<\/div>\n\t\t\t\t\t<\/div>\n\t\t<\/div>\n\t\t\t\t<div class=\"elementor-column elementor-col-25 elementor-top-column elementor-element elementor-element-718d049\" data-id=\"718d049\" data-element_type=\"column\" data-e-type=\"column\">\n\t\t\t<div class=\"elementor-widget-wrap elementor-element-populated\">\n\t\t\t\t\t\t<div class=\"elementor-element elementor-element-dceee4e elementor-widget elementor-widget-image\" data-id=\"dceee4e\" data-element_type=\"widget\" data-e-type=\"widget\" data-widget_type=\"image.default\">\n\t\t\t\t<div class=\"elementor-widget-container\">\n\t\t\t\t\t\t\t\t\t\t\t\t\t\t\t\t<a href=\"https:\/\/selpers.com\/kurs\/copd-im-alltag\/%20\" target=\"_blank\">\n\t\t\t\t\t\t\t<img loading=\"lazy\" decoding=\"async\" width=\"720\" height=\"432\" src=\"https:\/\/copd-austria.at\/wordpress\/wp-content\/uploads\/2020\/10\/selpers_COPD-im-Alltag.jpg\" class=\"attachment-medium_large size-medium_large wp-image-4171\" alt=\"\" srcset=\"https:\/\/copd-austria.at\/wordpress\/wp-content\/uploads\/2020\/10\/selpers_COPD-im-Alltag.jpg 720w, https:\/\/copd-austria.at\/wordpress\/wp-content\/uploads\/2020\/10\/selpers_COPD-im-Alltag-300x180.jpg 300w\" sizes=\"(max-width: 720px) 100vw, 720px\" \/>\t\t\t\t\t\t\t\t<\/a>\n\t\t\t\t\t\t\t\t\t\t\t\t\t\t\t<\/div>\n\t\t\t\t<\/div>\n\t\t\t\t\t<\/div>\n\t\t<\/div>\n\t\t\t\t<div class=\"elementor-column elementor-col-25 elementor-top-column elementor-element elementor-element-3dbc7ce\" data-id=\"3dbc7ce\" data-element_type=\"column\" data-e-type=\"column\">\n\t\t\t<div class=\"elementor-widget-wrap elementor-element-populated\">\n\t\t\t\t\t\t<div class=\"elementor-element elementor-element-fdf152c elementor-widget elementor-widget-image\" data-id=\"fdf152c\" data-element_type=\"widget\" data-e-type=\"widget\" data-widget_type=\"image.default\">\n\t\t\t\t<div class=\"elementor-widget-container\">\n\t\t\t\t\t\t\t\t\t\t\t\t\t\t\t\t<a href=\"https:\/\/selpers.com\/kurs\/copd-und-psyche\/%20\" target=\"_blank\">\n\t\t\t\t\t\t\t<img loading=\"lazy\" decoding=\"async\" width=\"720\" height=\"432\" src=\"https:\/\/copd-austria.at\/wordpress\/wp-content\/uploads\/2020\/10\/selpers_COPD-und-Psyche.jpg\" class=\"attachment-medium_large size-medium_large wp-image-4157\" alt=\"\" srcset=\"https:\/\/copd-austria.at\/wordpress\/wp-content\/uploads\/2020\/10\/selpers_COPD-und-Psyche.jpg 720w, https:\/\/copd-austria.at\/wordpress\/wp-content\/uploads\/2020\/10\/selpers_COPD-und-Psyche-300x180.jpg 300w\" sizes=\"(max-width: 720px) 100vw, 720px\" \/>\t\t\t\t\t\t\t\t<\/a>\n\t\t\t\t\t\t\t\t\t\t\t\t\t\t\t<\/div>\n\t\t\t\t<\/div>\n\t\t\t\t\t<\/div>\n\t\t<\/div>\n\t\t\t\t\t<\/div>\n\t\t<\/section>\n\t\t\t\t<section class=\"elementor-section elementor-top-section elementor-element elementor-element-156c0fb elementor-section-boxed elementor-section-height-default elementor-section-height-default\" data-id=\"156c0fb\" data-element_type=\"section\" data-e-type=\"section\">\n\t\t\t\t\t\t<div class=\"elementor-container elementor-column-gap-default\">\n\t\t\t\t\t<div class=\"elementor-column elementor-col-50 elementor-top-column elementor-element elementor-element-bc3151a\" data-id=\"bc3151a\" data-element_type=\"column\" data-e-type=\"column\">\n\t\t\t<div class=\"elementor-widget-wrap elementor-element-populated\">\n\t\t\t\t\t\t<div class=\"elementor-element elementor-element-5f63843 elementor-widget elementor-widget-text-editor\" data-id=\"5f63843\" data-element_type=\"widget\" data-e-type=\"widget\" data-widget_type=\"text-editor.default\">\n\t\t\t\t<div class=\"elementor-widget-container\">\n\t\t\t\t\t\t\t\t\t<h2><span style=\"color: #1e73be;\">Ein riesiges Angebot an Online-Kursen von selpers<\/span><\/h2><p>Diese von Experten entwickelten Online-Kurse sind kostenlos und ohne Anmeldung abrufbar.<\/p>\t\t\t\t\t\t\t\t<\/div>\n\t\t\t\t<\/div>\n\t\t\t\t\t<\/div>\n\t\t<\/div>\n\t\t\t\t<div class=\"elementor-column elementor-col-50 elementor-top-column elementor-element elementor-element-576651d\" data-id=\"576651d\" data-element_type=\"column\" data-e-type=\"column\">\n\t\t\t<div class=\"elementor-widget-wrap elementor-element-populated\">\n\t\t\t\t\t\t<div class=\"elementor-element elementor-element-d9a153e elementor-widget elementor-widget-image\" data-id=\"d9a153e\" data-element_type=\"widget\" data-e-type=\"widget\" data-widget_type=\"image.default\">\n\t\t\t\t<div class=\"elementor-widget-container\">\n\t\t\t\t\t\t\t\t\t\t\t\t\t\t\t\t<a href=\"https:\/\/www.selpers.com\">\n\t\t\t\t\t\t\t<img decoding=\"async\" width=\"267\" height=\"80\" src=\"https:\/\/copd-austria.at\/wordpress\/wp-content\/uploads\/2020\/03\/selpers-Gesundes-Lernen.png\" class=\"attachment-medium size-medium wp-image-3518\" alt=\"\" \/>\t\t\t\t\t\t\t\t<\/a>\n\t\t\t\t\t\t\t\t\t\t\t\t\t\t\t<\/div>\n\t\t\t\t<\/div>\n\t\t\t\t\t<\/div>\n\t\t<\/div>\n\t\t\t\t\t<\/div>\n\t\t<\/section>\n\t\t\t\t<section class=\"elementor-section elementor-top-section elementor-element elementor-element-db1bfb1 elementor-section-boxed elementor-section-height-default elementor-section-height-default\" data-id=\"db1bfb1\" data-element_type=\"section\" data-e-type=\"section\">\n\t\t\t\t\t\t<div class=\"elementor-container elementor-column-gap-default\">\n\t\t\t\t\t<div class=\"elementor-column elementor-col-100 elementor-top-column elementor-element elementor-element-bf46ccd\" data-id=\"bf46ccd\" data-element_type=\"column\" data-e-type=\"column\">\n\t\t\t<div class=\"elementor-widget-wrap elementor-element-populated\">\n\t\t\t\t\t\t<div class=\"elementor-element elementor-element-79d04a4 elementor-widget elementor-widget-text-editor\" data-id=\"79d04a4\" data-element_type=\"widget\" data-e-type=\"widget\" data-widget_type=\"text-editor.default\">\n\t\t\t\t<div class=\"elementor-widget-container\">\n\t\t\t\t\t\t\t\t\t<p>Wir freuen uns riesig \u00fcber unsere neue<a href=\"https:\/\/selpers.us13.list-manage.com\/track\/click?u=eea5cc7b1d6f1929c2e792ab1&amp;id=7933022362&amp;e=11b0a2f1fd\"> selpers.com<\/a> Startseite. Lange haben wir get\u00fcftelt, wie wir unserer F\u00fclle an Inhalten gerecht werden k\u00f6nnen. Immerhin z\u00e4hlt selpers\u00a0jetzt schon \u00fcber 160 Schulungen mit mehr als 12.000 Antworten auf PatientInnenfragen. Jetzt ist sie endlich fertig und wir sind sehr stolz drauf:\u00a0<\/p><p><strong><a href=\"https:\/\/selpers.us13.list-manage.com\/track\/click?u=eea5cc7b1d6f1929c2e792ab1&amp;id=6a04649e6b&amp;e=11b0a2f1fd\">www.selpers.com<\/a><\/strong><\/p><p>Mit der neuen <a href=\"https:\/\/selpers.us13.list-manage.com\/track\/click?u=eea5cc7b1d6f1929c2e792ab1&amp;id=697e6b6868&amp;e=11b0a2f1fd\">Suchfunktion<\/a> finden Sie jetzt noch schneller die Themen, die Sie interessieren. Fehlt ein Thema, das Ihnen wichtig ist? <a href=\"https:\/\/selpers.us13.list-manage.com\/track\/click?u=eea5cc7b1d6f1929c2e792ab1&amp;id=273731bccd&amp;e=11b0a2f1fd\">Dann schreiben\u00a0Sie uns.<\/a><\/p>\t\t\t\t\t\t\t\t<\/div>\n\t\t\t\t<\/div>\n\t\t\t\t\t<\/div>\n\t\t<\/div>\n\t\t\t\t\t<\/div>\n\t\t<\/section>\n\t\t<div class=\"elementor-element elementor-element-a78855f e-flex e-con-boxed e-con e-parent\" data-id=\"a78855f\" data-element_type=\"container\" data-e-type=\"container\">\n\t\t\t\t\t<div class=\"e-con-inner\">\n\t\t\t\t<div class=\"elementor-element elementor-element-7a89e04 elementor-widget elementor-widget-text-editor\" data-id=\"7a89e04\" data-element_type=\"widget\" data-e-type=\"widget\" data-widget_type=\"text-editor.default\">\n\t\t\t\t<div class=\"elementor-widget-container\">\n\t\t\t\t\t\t\t\t\t<h2>Kostenloses Atem- und Inhalationstraining<\/h2><p>Wie schon in den vergangenen Jahren bietet die Lungenunion wieder diese kostenlosen Trainingseinheiten an.<\/p><p>Mehr Informationen dazu unter: <a href=\"https:\/\/www.lungenunion.at\/atem_inhalationstraining\">https:\/\/www.lungenunion.at\/atem_inhalationstraining<\/a><\/p>\t\t\t\t\t\t\t\t<\/div>\n\t\t\t\t<\/div>\n\t\t<div class=\"elementor-element elementor-element-c65b302 e-con-full e-flex e-con e-child\" data-id=\"c65b302\" data-element_type=\"container\" data-e-type=\"container\">\n\t\t\t\t<div class=\"elementor-element elementor-element-adce3e1 elementor-widget elementor-widget-image\" data-id=\"adce3e1\" data-element_type=\"widget\" data-e-type=\"widget\" data-widget_type=\"image.default\">\n\t\t\t\t<div class=\"elementor-widget-container\">\n\t\t\t\t\t\t\t\t\t\t\t\t\t\t\t\t<a href=\"https:\/\/www.lungenunion.at\/atem_inhalationstraining\">\n\t\t\t\t\t\t\t<img decoding=\"async\" src=\"https:\/\/copd-austria.at\/wordpress\/wp-content\/uploads\/2023\/02\/Atemtraining-2023-1.png\" title=\"\" alt=\"\" loading=\"lazy\" \/>\t\t\t\t\t\t\t\t<\/a>\n\t\t\t\t\t\t\t\t\t\t\t\t\t\t\t<\/div>\n\t\t\t\t<\/div>\n\t\t\t\t<\/div>\n\t\t\t\t\t<\/div>\n\t\t\t\t<\/div>\n\t\t\t\t<\/div>\n\t\t","protected":false},"excerpt":{"rendered":"<p>selpers hat zum Thema COPD zahleiche Online-Kurse die h\u00f6chst relevant sind. Die Kurse sind Kostenlos und ohne Anmeldung verf\u00fcgbar. Hier enige der angebotenen Themen: Ein riesiges Angebot an Online-Kursen von selpers Diese von Experten entwickelten Online-Kurse sind kostenlos und ohne Anmeldung abrufbar. Wir freuen uns riesig \u00fcber unsere neue selpers.com Startseite. Lange haben wir get\u00fcftelt, [&hellip;]<\/p>\n","protected":false},"author":1,"featured_media":0,"parent":0,"menu_order":0,"comment_status":"closed","ping_status":"closed","template":"elementor_theme","meta":{"footnotes":""},"class_list":["post-3611","page","type-page","status-publish","hentry"],"_links":{"self":[{"href":"https:\/\/copd-austria.at\/wordpress\/wp-json\/wp\/v2\/pages\/3611","targetHints":{"allow":["GET"]}}],"collection":[{"href":"https:\/\/copd-austria.at\/wordpress\/wp-json\/wp\/v2\/pages"}],"about":[{"href":"https:\/\/copd-austria.at\/wordpress\/wp-json\/wp\/v2\/types\/page"}],"author":[{"embeddable":true,"href":"https:\/\/copd-austria.at\/wordpress\/wp-json\/wp\/v2\/users\/1"}],"replies":[{"embeddable":true,"href":"https:\/\/copd-austria.at\/wordpress\/wp-json\/wp\/v2\/comments?post=3611"}],"version-history":[{"count":0,"href":"https:\/\/copd-austria.at\/wordpress\/wp-json\/wp\/v2\/pages\/3611\/revisions"}],"wp:attachment":[{"href":"https:\/\/copd-austria.at\/wordpress\/wp-json\/wp\/v2\/media?parent=3611"}],"curies":[{"name":"wp","href":"https:\/\/api.w.org\/{rel}","templated":true}]}}