{"id":401,"date":"2019-08-14T19:57:27","date_gmt":"2019-08-14T17:57:27","guid":{"rendered":"https:\/\/copd-austria.at\/wordpress\/?page_id=401"},"modified":"2023-10-11T21:19:03","modified_gmt":"2023-10-11T19:19:03","slug":"kommentar-richtlinien","status":"publish","type":"page","link":"https:\/\/copd-austria.at\/wordpress\/ueber-uns\/kommentar-richtlinien\/","title":{"rendered":"Kommentar-Richtlinien"},"content":{"rendered":"\t\t<div data-elementor-type=\"wp-page\" data-elementor-id=\"401\" class=\"elementor elementor-401\" data-elementor-post-type=\"page\">\n\t\t\t\t\t\t<section class=\"elementor-section elementor-top-section elementor-element elementor-element-19b5fd3a elementor-section-boxed elementor-section-height-default elementor-section-height-default\" data-id=\"19b5fd3a\" data-element_type=\"section\" data-e-type=\"section\">\n\t\t\t\t\t\t<div class=\"elementor-container elementor-column-gap-default\">\n\t\t\t\t\t<div class=\"elementor-column elementor-col-100 elementor-top-column elementor-element elementor-element-7686bd1\" data-id=\"7686bd1\" data-element_type=\"column\" data-e-type=\"column\">\n\t\t\t<div class=\"elementor-widget-wrap elementor-element-populated\">\n\t\t\t\t\t\t<div class=\"elementor-element elementor-element-1c04d415 elementor-widget elementor-widget-text-editor\" data-id=\"1c04d415\" data-element_type=\"widget\" data-e-type=\"widget\" data-widget_type=\"text-editor.default\">\n\t\t\t\t<div class=\"elementor-widget-container\">\n\t\t\t\t\t\t\t\t\t<h3><strong><span style=\"color: #ff0000;\">Auf einigen Seiten bieten wir Besuchern die M\u00f6glichkeit an, Kommentare zu hinterlassen, Fragen an uns zu stellen und sich untereinander auszutauschen. Im Folgenden formulieren wir einige Tipps und Richtlinien f\u00fcr die Nutzung dieses Service.<\/span><br \/><\/strong><\/h3><p>Pers\u00f6nliche Erfahrungen und mentale Unterst\u00fctzung durch Fachleute und andere Patienten sind gerade bei chronischen Erkrankungen von unsch\u00e4tzbarem Wert f\u00fcr alle Betroffenen. Daf\u00fcr wollen wir ein Umfeld bieten, in dem alle Nutzer gerne Fragen stellen, mitdiskutieren und sich aktiv beteiligen wollen.<\/p><p>Um ein freundliches Miteinander zu gew\u00e4hrleisten, gelten f\u00fcr die Beitr\u00e4ge auf diesen Seiten\u00a0<strong>verbindliche Richtlinien<\/strong>, die beim Verfassen von Kommentaren beachtet werden sollten. Im Folgenden erkl\u00e4ren wir, was einen guten Kommentar ausmacht, welche Richtlinien gelten und wie unsere Moderatoren bei Verst\u00f6\u00dfen gegen die Richtlinien eingreifen.<\/p><h3><span style=\"color: #ff0000;\">Ein guter Kommentar<\/span><\/h3><ul><li>hat einen\u00a0<strong>informativen und wohlwollenden Austausch<\/strong>\u00a0zum Ziel.<\/li><li>ist in einem freundlichen, respektvollen Umgangston verfasst und l\u00e4sst sich nicht auf Provokationen anderer Nutzer ein.<\/li><li>setzt Stilmittel wie Sarkasmus, Zynismus und Ironie vorsichtig ein, um Missverst\u00e4ndnisse zu vermeiden.<\/li><li>\u00e4u\u00dfert Kritik an Blogbeitr\u00e4gen oder Kommentaren anderer Nutzer\u00a0<strong>in sachlicher und konstruktiver Weise<\/strong>.<\/li><\/ul><h3><span style=\"color: #ff0000;\">Richtlinien<\/span><\/h3><ul><li>Auf <span style=\"color: #0000ff;\">www.copd-austria.at<\/span> dreht sich alles um <strong>COPD und Langzeit-Sauerstoff-Therapie und deren Behandlung<\/strong>. Politische und religi\u00f6se \u00dcberzeugungen oder andere v\u00f6llig fremde Themen sollten nicht Gegenstand der Diskussion sein.<\/li><li>Beleidigungen und Beschimpfungen sind nicht gestattet. Gleiches gilt f\u00fcr nicht nachpr\u00fcfbare Unterstellungen und Verd\u00e4chtigungen. Wer einem Artikel oder Kommentar widersprechen m\u00f6chte, kritisiert dessen Inhalte und greift nicht den Verfasser an.<\/li><li>Diskriminierung anderer Nutzer und sozialer Gruppen aufgrund ihrer Religion, Herkunft, Nationalit\u00e4t, Behinderung, Einkommensverh\u00e4ltnisse, sexuellen Orientierung, ihres Alters oder ihres Geschlechts wird nicht geduldet.<\/li><li>(Eigen-)Werbung bzw. kommerzielle Inhalte haben nichts in den Diskussionen zu suchen. Das gilt auch f\u00fcr Hinweise auf den eigenen Blog oder die eigene Webseite.<\/li><li>Allgemeine Fragen oder Kritik st\u00f6ren die themenbezogene Diskussion. Bitte stellt eure Fragen und Kritik deshalb nicht als \u00f6ffentlichen Kommentar ein, sondern schreibt uns eine E-Mail an <a href=\"mailto:info@copd-austria.at\" target=\"_blank\" rel=\"noopener\"><span style=\"color: #0000ff;\">info@copd-austria.at<\/span><\/a> oder benutzt unser <a href=\"https:\/\/copd-austria.at\/index.php\/kontakt\/\" rel=\"noopener\"><span style=\"color: #0000ff;\">Kontaktformular<\/span><\/a>.<\/li><\/ul><p><span style=\"color: #ff0000;\">Moderation<\/span><\/p><p>Wir bem\u00fchen uns, die Moderation der Diskussion so transparent wie m\u00f6glich zu gestalten. Die folgenden Punkte beschreiben, wie und wann wir einschreiten:<\/p><ul><li>Wir \u00fcbernehmen keinerlei Haftung und Verantwortung f\u00fcr die von Nutzern eingestellten Inhalte.<\/li><li>Wir behalten uns vor, Nutzer bei schweren oder wiederholten Verst\u00f6\u00dfen gegen unsere Richtlinien dauerhaft von der Kommentarfunktion auszuschlie\u00dfen.<\/li><li>Wir k\u00fcrzen oder entfernen Kommentare, wenn sie gegen die oben formulierten Richtlinien versto\u00dfen.<\/li><li>Wir entfernen nur die regelwidrigen Passagen eines Kommentars, sofern er dadurch nicht seine urspr\u00fcngliche Aussage verliert.<\/li><\/ul>\t\t\t\t\t\t\t\t<\/div>\n\t\t\t\t<\/div>\n\t\t\t\t\t<\/div>\n\t\t<\/div>\n\t\t\t\t\t<\/div>\n\t\t<\/section>\n\t\t\t\t<\/div>\n\t\t","protected":false},"excerpt":{"rendered":"<p>Auf einigen Seiten bieten wir Besuchern die M\u00f6glichkeit an, Kommentare zu hinterlassen, Fragen an uns zu stellen und sich untereinander auszutauschen. Im Folgenden formulieren wir einige Tipps und Richtlinien f\u00fcr die Nutzung dieses Service. Pers\u00f6nliche Erfahrungen und mentale Unterst\u00fctzung durch Fachleute und andere Patienten sind gerade bei chronischen Erkrankungen von unsch\u00e4tzbarem Wert f\u00fcr alle Betroffenen. [&hellip;]<\/p>\n","protected":false},"author":1,"featured_media":0,"parent":20,"menu_order":4,"comment_status":"closed","ping_status":"closed","template":"elementor_theme","meta":{"footnotes":""},"class_list":["post-401","page","type-page","status-publish","hentry"],"_links":{"self":[{"href":"https:\/\/copd-austria.at\/wordpress\/wp-json\/wp\/v2\/pages\/401","targetHints":{"allow":["GET"]}}],"collection":[{"href":"https:\/\/copd-austria.at\/wordpress\/wp-json\/wp\/v2\/pages"}],"about":[{"href":"https:\/\/copd-austria.at\/wordpress\/wp-json\/wp\/v2\/types\/page"}],"author":[{"embeddable":true,"href":"https:\/\/copd-austria.at\/wordpress\/wp-json\/wp\/v2\/users\/1"}],"replies":[{"embeddable":true,"href":"https:\/\/copd-austria.at\/wordpress\/wp-json\/wp\/v2\/comments?post=401"}],"version-history":[{"count":0,"href":"https:\/\/copd-austria.at\/wordpress\/wp-json\/wp\/v2\/pages\/401\/revisions"}],"up":[{"embeddable":true,"href":"https:\/\/copd-austria.at\/wordpress\/wp-json\/wp\/v2\/pages\/20"}],"wp:attachment":[{"href":"https:\/\/copd-austria.at\/wordpress\/wp-json\/wp\/v2\/media?parent=401"}],"curies":[{"name":"wp","href":"https:\/\/api.w.org\/{rel}","templated":true}]}}