{"id":4530,"date":"2020-11-16T11:06:43","date_gmt":"2020-11-16T10:06:43","guid":{"rendered":"https:\/\/copd-austria.at\/wordpress\/?page_id=4530"},"modified":"2024-07-27T21:09:48","modified_gmt":"2024-07-27T19:09:48","slug":"welt-copd-tag","status":"publish","type":"page","link":"https:\/\/copd-austria.at\/wordpress\/infos-zu-copd\/welt-copd-tag\/","title":{"rendered":"Welt-COPD-Tag"},"content":{"rendered":"\t\t<div data-elementor-type=\"wp-page\" data-elementor-id=\"4530\" class=\"elementor elementor-4530\" data-elementor-post-type=\"page\">\n\t\t\t\t\t\t<section class=\"elementor-section elementor-top-section elementor-element elementor-element-7ce46b6 elementor-section-boxed elementor-section-height-default elementor-section-height-default\" data-id=\"7ce46b6\" data-element_type=\"section\" data-e-type=\"section\">\n\t\t\t\t\t\t<div class=\"elementor-container elementor-column-gap-default\">\n\t\t\t\t\t<div class=\"elementor-column elementor-col-33 elementor-top-column elementor-element elementor-element-3a2445e\" data-id=\"3a2445e\" data-element_type=\"column\" data-e-type=\"column\">\n\t\t\t<div class=\"elementor-widget-wrap elementor-element-populated\">\n\t\t\t\t\t\t<div class=\"elementor-element elementor-element-74f2909 elementor-widget elementor-widget-text-editor\" data-id=\"74f2909\" data-element_type=\"widget\" data-e-type=\"widget\" data-widget_type=\"text-editor.default\">\n\t\t\t\t<div class=\"elementor-widget-container\">\n\t\t\t\t\t\t\t\t\t<h1><span style=\"color: #1e73be;\">Welt-COPD-Tag <\/span><span style=\"color: #1e73be;\">2022<br \/><\/span><\/h1><h3>Deine Lunge f\u00fcr ein ganzes Leben<\/h3><h3><span style=\"color: #ff0000;\">Mittwoch, 16. November 2022<\/span><\/h3>\t\t\t\t\t\t\t\t<\/div>\n\t\t\t\t<\/div>\n\t\t\t\t\t<\/div>\n\t\t<\/div>\n\t\t\t\t<div class=\"elementor-column elementor-col-33 elementor-top-column elementor-element elementor-element-a24eb3e\" data-id=\"a24eb3e\" data-element_type=\"column\" data-e-type=\"column\">\n\t\t\t<div class=\"elementor-widget-wrap elementor-element-populated\">\n\t\t\t\t\t\t<div class=\"elementor-element elementor-element-4fcbfcc elementor-widget elementor-widget-image\" data-id=\"4fcbfcc\" data-element_type=\"widget\" data-e-type=\"widget\" data-widget_type=\"image.default\">\n\t\t\t\t<div class=\"elementor-widget-container\">\n\t\t\t\t\t\t\t\t\t\t\t\t\t\t\t\t<a href=\"https:\/\/goldcopd.org\/world-copd-day-2022\/\" target=\"_blank\">\n\t\t\t\t\t\t\t<img fetchpriority=\"high\" decoding=\"async\" width=\"300\" height=\"300\" src=\"https:\/\/copd-austria.at\/wordpress\/wp-content\/uploads\/2022\/08\/Your-Lungs-For-Life-300x300.jpg\" class=\"attachment-medium size-medium wp-image-13024\" alt=\"\" srcset=\"https:\/\/copd-austria.at\/wordpress\/wp-content\/uploads\/2022\/08\/Your-Lungs-For-Life-300x300.jpg 300w, https:\/\/copd-austria.at\/wordpress\/wp-content\/uploads\/2022\/08\/Your-Lungs-For-Life-1024x1024.jpg 1024w, https:\/\/copd-austria.at\/wordpress\/wp-content\/uploads\/2022\/08\/Your-Lungs-For-Life-150x150.jpg 150w, https:\/\/copd-austria.at\/wordpress\/wp-content\/uploads\/2022\/08\/Your-Lungs-For-Life-768x768.jpg 768w, https:\/\/copd-austria.at\/wordpress\/wp-content\/uploads\/2022\/08\/Your-Lungs-For-Life-1536x1536.jpg 1536w, https:\/\/copd-austria.at\/wordpress\/wp-content\/uploads\/2022\/08\/Your-Lungs-For-Life-2048x2048.jpg 2048w, https:\/\/copd-austria.at\/wordpress\/wp-content\/uploads\/2022\/08\/elementor\/thumbs\/Your-Lungs-For-Life-psmvoglarqaw3nu9lyw2stc8imn5qec0cbjkvwoxms.jpg 250w, https:\/\/copd-austria.at\/wordpress\/wp-content\/uploads\/2022\/08\/elementor\/thumbs\/Your-Lungs-For-Life-psmvoglancf8xv0w62syl7geew7zv80fr5329rn7mo.jpg 240w\" sizes=\"(max-width: 300px) 100vw, 300px\" \/>\t\t\t\t\t\t\t\t<\/a>\n\t\t\t\t\t\t\t\t\t\t\t\t\t\t\t<\/div>\n\t\t\t\t<\/div>\n\t\t\t\t\t<\/div>\n\t\t<\/div>\n\t\t\t\t<div class=\"elementor-column elementor-col-33 elementor-top-column elementor-element elementor-element-445f7a4\" data-id=\"445f7a4\" data-element_type=\"column\" data-e-type=\"column\">\n\t\t\t<div class=\"elementor-widget-wrap elementor-element-populated\">\n\t\t\t\t\t\t<div class=\"elementor-element elementor-element-50a0520 elementor-widget elementor-widget-image\" data-id=\"50a0520\" data-element_type=\"widget\" data-e-type=\"widget\" data-widget_type=\"image.default\">\n\t\t\t\t<div class=\"elementor-widget-container\">\n\t\t\t\t\t\t\t\t\t\t\t\t\t\t\t\t<a href=\"https:\/\/www.reha-innsbruck.at\">\n\t\t\t\t\t\t\t<img decoding=\"async\" width=\"768\" height=\"461\" src=\"https:\/\/copd-austria.at\/wordpress\/wp-content\/uploads\/2021\/10\/Logo_Zusatz_quer_mitWebsite-768x461.jpg\" class=\"attachment-medium_large size-medium_large wp-image-8940\" alt=\"\" srcset=\"https:\/\/copd-austria.at\/wordpress\/wp-content\/uploads\/2021\/10\/Logo_Zusatz_quer_mitWebsite-768x461.jpg 768w, https:\/\/copd-austria.at\/wordpress\/wp-content\/uploads\/2021\/10\/Logo_Zusatz_quer_mitWebsite-300x180.jpg 300w, https:\/\/copd-austria.at\/wordpress\/wp-content\/uploads\/2021\/10\/Logo_Zusatz_quer_mitWebsite-1140x685.jpg 1140w, https:\/\/copd-austria.at\/wordpress\/wp-content\/uploads\/2021\/10\/Logo_Zusatz_quer_mitWebsite-1536x923.jpg 1536w, https:\/\/copd-austria.at\/wordpress\/wp-content\/uploads\/2021\/10\/Logo_Zusatz_quer_mitWebsite-2048x1230.jpg 2048w\" sizes=\"(max-width: 768px) 100vw, 768px\" \/>\t\t\t\t\t\t\t\t<\/a>\n\t\t\t\t\t\t\t\t\t\t\t\t\t\t\t<\/div>\n\t\t\t\t<\/div>\n\t\t\t\t\t<\/div>\n\t\t<\/div>\n\t\t\t\t\t<\/div>\n\t\t<\/section>\n\t\t\t\t<section class=\"elementor-section elementor-top-section elementor-element elementor-element-265eaa7 elementor-section-boxed elementor-section-height-default elementor-section-height-default\" data-id=\"265eaa7\" data-element_type=\"section\" data-e-type=\"section\">\n\t\t\t\t\t\t<div class=\"elementor-container elementor-column-gap-default\">\n\t\t\t\t\t<div class=\"elementor-column elementor-col-100 elementor-top-column elementor-element elementor-element-686c732\" data-id=\"686c732\" data-element_type=\"column\" data-e-type=\"column\">\n\t\t\t<div class=\"elementor-widget-wrap elementor-element-populated\">\n\t\t\t\t\t\t<div class=\"elementor-element elementor-element-0822936 elementor-widget elementor-widget-text-editor\" data-id=\"0822936\" data-element_type=\"widget\" data-e-type=\"widget\" data-widget_type=\"text-editor.default\">\n\t\t\t\t<div class=\"elementor-widget-container\">\n\t\t\t\t\t\t\t\t\t<h2><span style=\"color: #1e73be;\">&#8222;myCOPD-Challenge&#8220; am Bergisel.<\/span><\/h2><h3><span style=\"color: #000000;\"><strong>Wie schon in den vergangenen Jahren findet auch heuer wieder die myCOPD-Challenge am Bergisel statt.<\/strong><\/span><\/h3><p>Bei der Challenge in Tirol wird der Turm der Bergiselschanze in Innsbruck mit seinen 283 Treppenstufen erklommen.<\/p><p>Unterst\u00fctzt werden die Tiroler Sportler:innen von Dr. Christoph Puelacher, Lungenfacharzt und Leiter der Reha Innsbruck. Er betont den vielf\u00e4ltigen Nutzen einer professionellen Rehabilitation: \u201eIn der modernen Therapie der COPD gibt es neben dem medikament\u00f6sen Ansatz einen mindestens genauso wichtigen, wenn nicht noch effektiveren Teil der Medizin \u2013 die professionelle Rehabilitation. Dabei werden Ausdauer-, Kraft-, Koordinations- und insbesondere Atemmuskeltraining durch Profis vermittelt. Durch die damit verbundene, verbesserte Teilhabe am gesellschaftlichen und beruflichen Leben werden Episoden von Schwermut vermieden oder rasch besser. Emotionale Tiefs werden nachhaltiger \u00fcberwunden und der Antrieb steigt.\u201c<\/p><h3><span style=\"color: #1e73be;\"><strong>Starke Unterst\u00fctzung<\/strong><\/span><\/h3><p>Mitveranstalterin und Organisatorin Frau <strong>Monika Oberdorfer<\/strong> von der Selbsthilfegruppe <strong>COPD-Austria <\/strong>ist es gelungen Sponsoren f\u00fcr die Challenge zu gewinnen. Die Firma <span style=\"color: #1e73be;\"><strong>BILLA<\/strong><\/span> wird die Teilnehmer an der Spitze der Schanze mit Snacks versorgen und die <span style=\"color: #1e73be;\"><strong>WEIGHT WATCHERS \u00d6STERREICH<\/strong><\/span> stellen die Getr\u00e4nke zur Verf\u00fcgung. Wir bedanken uns f\u00fcr das tolle Engagement der beiden Unternehmen.<\/p>\t\t\t\t\t\t\t\t<\/div>\n\t\t\t\t<\/div>\n\t\t\t\t\t<\/div>\n\t\t<\/div>\n\t\t\t\t\t<\/div>\n\t\t<\/section>\n\t\t\t\t<section class=\"elementor-section elementor-top-section elementor-element elementor-element-5376735 elementor-section-boxed elementor-section-height-default elementor-section-height-default\" data-id=\"5376735\" data-element_type=\"section\" data-e-type=\"section\">\n\t\t\t\t\t\t<div class=\"elementor-container elementor-column-gap-default\">\n\t\t\t\t\t<div class=\"elementor-column elementor-col-20 elementor-top-column elementor-element elementor-element-fe720b0\" data-id=\"fe720b0\" data-element_type=\"column\" data-e-type=\"column\">\n\t\t\t<div class=\"elementor-widget-wrap\">\n\t\t\t\t\t\t\t<\/div>\n\t\t<\/div>\n\t\t\t\t<div class=\"elementor-column elementor-col-20 elementor-top-column elementor-element elementor-element-7b8b07c\" data-id=\"7b8b07c\" data-element_type=\"column\" data-e-type=\"column\">\n\t\t\t<div class=\"elementor-widget-wrap elementor-element-populated\">\n\t\t\t\t\t\t<div class=\"elementor-element elementor-element-30a2b56 elementor-widget elementor-widget-image\" data-id=\"30a2b56\" data-element_type=\"widget\" data-e-type=\"widget\" data-widget_type=\"image.default\">\n\t\t\t\t<div class=\"elementor-widget-container\">\n\t\t\t\t\t\t\t\t\t\t\t\t\t\t\t<img decoding=\"async\" width=\"768\" height=\"187\" src=\"https:\/\/copd-austria.at\/wordpress\/wp-content\/uploads\/2024\/07\/weightfriends-logomark-button-768x187.png\" class=\"attachment-medium_large size-medium_large wp-image-23056\" alt=\"\" srcset=\"https:\/\/copd-austria.at\/wordpress\/wp-content\/uploads\/2024\/07\/weightfriends-logomark-button-768x187.png 768w, https:\/\/copd-austria.at\/wordpress\/wp-content\/uploads\/2024\/07\/weightfriends-logomark-button-300x73.png 300w, https:\/\/copd-austria.at\/wordpress\/wp-content\/uploads\/2024\/07\/weightfriends-logomark-button-1140x277.png 1140w, https:\/\/copd-austria.at\/wordpress\/wp-content\/uploads\/2024\/07\/weightfriends-logomark-button-1536x374.png 1536w, https:\/\/copd-austria.at\/wordpress\/wp-content\/uploads\/2024\/07\/weightfriends-logomark-button-2048x498.png 2048w\" sizes=\"(max-width: 768px) 100vw, 768px\" \/>\t\t\t\t\t\t\t\t\t\t\t\t\t\t\t<\/div>\n\t\t\t\t<\/div>\n\t\t\t\t\t<\/div>\n\t\t<\/div>\n\t\t\t\t<div class=\"elementor-column elementor-col-20 elementor-top-column elementor-element elementor-element-cd29718\" data-id=\"cd29718\" data-element_type=\"column\" data-e-type=\"column\">\n\t\t\t<div class=\"elementor-widget-wrap\">\n\t\t\t\t\t\t\t<\/div>\n\t\t<\/div>\n\t\t\t\t<div class=\"elementor-column elementor-col-20 elementor-top-column elementor-element elementor-element-90e83d9\" data-id=\"90e83d9\" data-element_type=\"column\" data-e-type=\"column\">\n\t\t\t<div class=\"elementor-widget-wrap elementor-element-populated\">\n\t\t\t\t\t\t<div class=\"elementor-element elementor-element-f46696c elementor-widget elementor-widget-image\" data-id=\"f46696c\" data-element_type=\"widget\" data-e-type=\"widget\" data-widget_type=\"image.default\">\n\t\t\t\t<div class=\"elementor-widget-container\">\n\t\t\t\t\t\t\t\t\t\t\t\t\t\t\t<img loading=\"lazy\" decoding=\"async\" width=\"768\" height=\"300\" src=\"https:\/\/copd-austria.at\/wordpress\/wp-content\/uploads\/2022\/09\/Billa-Zirl-768x300.jpg\" class=\"attachment-medium_large size-medium_large wp-image-13391\" alt=\"\" srcset=\"https:\/\/copd-austria.at\/wordpress\/wp-content\/uploads\/2022\/09\/Billa-Zirl-768x300.jpg 768w, https:\/\/copd-austria.at\/wordpress\/wp-content\/uploads\/2022\/09\/Billa-Zirl-300x117.jpg 300w, https:\/\/copd-austria.at\/wordpress\/wp-content\/uploads\/2022\/09\/Billa-Zirl-1140x445.jpg 1140w, https:\/\/copd-austria.at\/wordpress\/wp-content\/uploads\/2022\/09\/Billa-Zirl.jpg 1180w\" sizes=\"(max-width: 768px) 100vw, 768px\" \/>\t\t\t\t\t\t\t\t\t\t\t\t\t\t\t<\/div>\n\t\t\t\t<\/div>\n\t\t\t\t\t<\/div>\n\t\t<\/div>\n\t\t\t\t<div class=\"elementor-column elementor-col-20 elementor-top-column elementor-element elementor-element-fc4321c\" data-id=\"fc4321c\" data-element_type=\"column\" data-e-type=\"column\">\n\t\t\t<div class=\"elementor-widget-wrap\">\n\t\t\t\t\t\t\t<\/div>\n\t\t<\/div>\n\t\t\t\t\t<\/div>\n\t\t<\/section>\n\t\t\t\t<section class=\"elementor-section elementor-top-section elementor-element elementor-element-e54f74c elementor-section-boxed elementor-section-height-default elementor-section-height-default\" data-id=\"e54f74c\" data-element_type=\"section\" data-e-type=\"section\">\n\t\t\t\t\t\t<div class=\"elementor-container elementor-column-gap-default\">\n\t\t\t\t\t<div class=\"elementor-column elementor-col-100 elementor-top-column elementor-element elementor-element-32e0664\" data-id=\"32e0664\" data-element_type=\"column\" data-e-type=\"column\">\n\t\t\t<div class=\"elementor-widget-wrap elementor-element-populated\">\n\t\t\t\t\t\t<div class=\"elementor-element elementor-element-e7728ed elementor-widget elementor-widget-text-editor\" data-id=\"e7728ed\" data-element_type=\"widget\" data-e-type=\"widget\" data-widget_type=\"text-editor.default\">\n\t\t\t\t<div class=\"elementor-widget-container\">\n\t\t\t\t\t\t\t\t\t<h2><span style=\"color: #1e73be;\">Verst\u00e4rkung aus den Bundesl\u00e4ndern<\/span><\/h2><p>Wie schon im Vorjahr werden auch 2022 Teilnehmer aus den COPD-Austria-Gruppen anderer Bundesl\u00e4nder dabei sein um diese myCOPD-Challenge in Angriff zu nehmen.<\/p><p>Weiter Teilnehmer sind herzlich eingeladen!<\/p><h3><strong>Anmeldungen<\/strong><\/h3><p>sind auf der Homepage der Reha Innsbruck <a href=\"https:\/\/www.reha-innsbruck.at\/allgemein\/mycopd-challenge-2022-sei-dabei\/\" target=\"_blank\" rel=\"noopener\">https:\/\/www.reha-innsbruck.at\/allgemein\/mycopd-challenge-2022-sei-dabei\/ <\/a>m\u00f6glich<\/p><p>oder \u00fcber COPD-Austria per Mail unter <a href=\"mailto:info@copd-austria.at\">info@copd-austria.at<\/a><\/p><h2><span style=\"color: #1e73be;\">Informationen zur COPD<\/span><\/h2><p>Am Vortag des Welt-COPD-Tages gibt es einen <strong>Informationsstand der Selbsthilfegruppe COPD-Austria.<\/strong><\/p><p><span style=\"color: #ff0000;\">Dienstag, 15. November<\/span><\/p><p><strong>St. Anna Apotheke<\/strong><br \/>Maria-Theresien-Str. 4 <br \/>6020 Innsbruck<\/p><p>Betroffene stehen bereit und werden versuchen, Eure Fragen zur COPD zu beantworten bzw. \u00fcber Ma\u00dfnahmen, Therapie und weitere M\u00f6glichkeiten informieren.<\/p>\t\t\t\t\t\t\t\t<\/div>\n\t\t\t\t<\/div>\n\t\t\t\t\t<\/div>\n\t\t<\/div>\n\t\t\t\t\t<\/div>\n\t\t<\/section>\n\t\t\t\t<section class=\"elementor-section elementor-top-section elementor-element elementor-element-f05ef05 elementor-section-boxed elementor-section-height-default elementor-section-height-default\" data-id=\"f05ef05\" data-element_type=\"section\" data-e-type=\"section\">\n\t\t\t\t\t\t<div class=\"elementor-container elementor-column-gap-default\">\n\t\t\t\t\t<div class=\"elementor-column elementor-col-50 elementor-top-column elementor-element elementor-element-9686d36\" data-id=\"9686d36\" data-element_type=\"column\" data-e-type=\"column\">\n\t\t\t<div class=\"elementor-widget-wrap elementor-element-populated\">\n\t\t\t\t\t\t<div class=\"elementor-element elementor-element-d1c24b9 elementor-widget elementor-widget-text-editor\" data-id=\"d1c24b9\" data-element_type=\"widget\" data-e-type=\"widget\" data-widget_type=\"text-editor.default\">\n\t\t\t\t<div class=\"elementor-widget-container\">\n\t\t\t\t\t\t\t\t\t<h1><span style=\"color: #1e73be;\">\u201cGesunde Lunge \u2013 <br>nie zuvor wichtiger\u201d.<\/span><\/h1>\t\t\t\t\t\t\t\t<\/div>\n\t\t\t\t<\/div>\n\t\t\t\t\t<\/div>\n\t\t<\/div>\n\t\t\t\t<div class=\"elementor-column elementor-col-50 elementor-top-column elementor-element elementor-element-6ce3e8a\" data-id=\"6ce3e8a\" data-element_type=\"column\" data-e-type=\"column\">\n\t\t\t<div class=\"elementor-widget-wrap elementor-element-populated\">\n\t\t\t\t\t\t<div class=\"elementor-element elementor-element-a83e4d6 elementor-widget elementor-widget-image\" data-id=\"a83e4d6\" data-element_type=\"widget\" data-e-type=\"widget\" data-widget_type=\"image.default\">\n\t\t\t\t<div class=\"elementor-widget-container\">\n\t\t\t\t\t\t\t\t\t\t\t\t\t\t\t<img fetchpriority=\"high\" decoding=\"async\" width=\"300\" height=\"300\" src=\"https:\/\/copd-austria.at\/wordpress\/wp-content\/uploads\/2022\/08\/Your-Lungs-For-Life-300x300.jpg\" class=\"attachment-medium size-medium wp-image-13024\" alt=\"\" srcset=\"https:\/\/copd-austria.at\/wordpress\/wp-content\/uploads\/2022\/08\/Your-Lungs-For-Life-300x300.jpg 300w, https:\/\/copd-austria.at\/wordpress\/wp-content\/uploads\/2022\/08\/Your-Lungs-For-Life-1024x1024.jpg 1024w, https:\/\/copd-austria.at\/wordpress\/wp-content\/uploads\/2022\/08\/Your-Lungs-For-Life-150x150.jpg 150w, https:\/\/copd-austria.at\/wordpress\/wp-content\/uploads\/2022\/08\/Your-Lungs-For-Life-768x768.jpg 768w, https:\/\/copd-austria.at\/wordpress\/wp-content\/uploads\/2022\/08\/Your-Lungs-For-Life-1536x1536.jpg 1536w, https:\/\/copd-austria.at\/wordpress\/wp-content\/uploads\/2022\/08\/Your-Lungs-For-Life-2048x2048.jpg 2048w, https:\/\/copd-austria.at\/wordpress\/wp-content\/uploads\/2022\/08\/elementor\/thumbs\/Your-Lungs-For-Life-psmvoglarqaw3nu9lyw2stc8imn5qec0cbjkvwoxms.jpg 250w, https:\/\/copd-austria.at\/wordpress\/wp-content\/uploads\/2022\/08\/elementor\/thumbs\/Your-Lungs-For-Life-psmvoglancf8xv0w62syl7geew7zv80fr5329rn7mo.jpg 240w\" sizes=\"(max-width: 300px) 100vw, 300px\" \/>\t\t\t\t\t\t\t\t\t\t\t\t\t\t\t<\/div>\n\t\t\t\t<\/div>\n\t\t\t\t\t<\/div>\n\t\t<\/div>\n\t\t\t\t\t<\/div>\n\t\t<\/section>\n\t\t\t\t<section class=\"elementor-section elementor-top-section elementor-element elementor-element-29ac062 elementor-section-boxed elementor-section-height-default elementor-section-height-default\" data-id=\"29ac062\" data-element_type=\"section\" data-e-type=\"section\">\n\t\t\t\t\t\t<div class=\"elementor-container elementor-column-gap-default\">\n\t\t\t\t\t<div class=\"elementor-column elementor-col-100 elementor-top-column elementor-element elementor-element-83def70\" data-id=\"83def70\" data-element_type=\"column\" data-e-type=\"column\">\n\t\t\t<div class=\"elementor-widget-wrap elementor-element-populated\">\n\t\t\t\t\t\t<div class=\"elementor-element elementor-element-439937f elementor-widget elementor-widget-text-editor\" data-id=\"439937f\" data-element_type=\"widget\" data-e-type=\"widget\" data-widget_type=\"text-editor.default\">\n\t\t\t\t<div class=\"elementor-widget-container\">\n\t\t\t\t\t\t\t\t\t<p><strong>COPD<\/strong> ist eine chronische, nicht reversible aber gut mit Medikamenten und Bewegung behandelbare Erkrankung. Hauptrisikofaktor ist Zigarettenrauchen. Hauptsymptome sind Atemnot, Husten und Auswurf (AHA). Bei COPD sind sowohl die Bronchien als auch das Lungengewebe gesch\u00e4digt.<\/p><p>Weltweit gibt es zur Zeit 300 Millionen F\u00e4lle von COPD. <strong>COPD ist die dritth\u00e4ufigste Todesursache weltweit<\/strong>.<\/p><p>Der <strong>Welt-COPD-Tag<\/strong> wird seit 2002 jedes Jahr im November von GOLD in Zusammenarbeit mit der Weltgesundheitsorganisation organisiert. <br \/>Ziel des Welt-COPD-Tages ist es, das Bewusstsein zu sch\u00e4rfen und weltweit neues Wissen und neuartige Therapiestrategien f\u00fcr COPD vorzustellen.<\/p><p>Der 21. Welt-COPD-Tag fand am <br \/><strong>17. November 2021 statt.<\/strong><\/p><p>Das Ziel ist es, Patienten und Gesundheits-Anbietern die positive Botschaft zu \u00fcbermitteln, dass es zwar keine Heilung f\u00fcr COPD gibt, es jedoch viele M\u00f6glichkeiten gibt, gut und aktiv zu leben.<\/p><p><strong>Diese Kampagne zielt darauf ab, das Bewusstsein f\u00fcr Interventionen wie Lungenrehabilitation, k\u00f6rperliche Aktivit\u00e4t, Selbstmanagement und Ern\u00e4hrung zu sch\u00e4rfen und die Bedeutung des sozialen und geistigen Wohlbefindens hervorzuheben<\/strong>.<\/p><p>Es finden viele Initiativen zur Reduzierung der COPD-Belastung statt, darunter Programme zur Raucherentw\u00f6hnung, die Bek\u00e4mpfung der Luftverschmutzung in Innenr\u00e4umen und im Freien sowie die Untersuchung von Benachteiligungsfaktoren bei Kindern. Obwohl es derzeit keine Heilung f\u00fcr COPD gibt, k\u00f6nnen Ma\u00dfnahmen zur Verbesserung der Lebensqualit\u00e4t von einer Vielzahl von Personen in vielen Situationen \u00fcberall durchgef\u00fchrt werden. Arbeitgeber k\u00f6nnen sich um eine sichere Atmungsumgebung bem\u00fchen, B\u00fcrger k\u00f6nnen gute Verwalter der Luftreinheit sein, und sowohl Patienten als auch Familien k\u00f6nnen dazu beitragen, mehr Forschung und einen besseren Zugang zur Versorgung zu f\u00f6rdern, einschlie\u00dflich Lungenrehabilitation und psychiatrischer Versorgung.<\/p><p>Dar\u00fcber hinaus k\u00f6nnen Gesundheits-Anbieter und politische Entscheidungstr\u00e4ger zusammenarbeiten, um den Zugang zu Spirometrie, wichtigen Medikamenten und anderen Behandlungen zu verbessern, einschlie\u00dflich Telemedizin und anderen Arten des Zugangs f\u00fcr Patienten in abgelegenen Umgebungen.<\/p>\t\t\t\t\t\t\t\t<\/div>\n\t\t\t\t<\/div>\n\t\t\t\t\t<\/div>\n\t\t<\/div>\n\t\t\t\t\t<\/div>\n\t\t<\/section>\n\t\t\t\t<section class=\"elementor-section elementor-top-section elementor-element elementor-element-419fd61 elementor-section-boxed elementor-section-height-default elementor-section-height-default\" data-id=\"419fd61\" data-element_type=\"section\" data-e-type=\"section\">\n\t\t\t\t\t\t<div class=\"elementor-container elementor-column-gap-default\">\n\t\t\t\t\t<div class=\"elementor-column elementor-col-100 elementor-top-column elementor-element elementor-element-0493e50\" data-id=\"0493e50\" data-element_type=\"column\" data-e-type=\"column\">\n\t\t\t<div class=\"elementor-widget-wrap elementor-element-populated\">\n\t\t\t\t\t\t<div class=\"elementor-element elementor-element-ca54b44 elementor-widget elementor-widget-text-editor\" data-id=\"ca54b44\" data-element_type=\"widget\" data-e-type=\"widget\" data-widget_type=\"text-editor.default\">\n\t\t\t\t<div class=\"elementor-widget-container\">\n\t\t\t\t\t\t\t\t\t<p>Weitere Informationen zu GOLD und zum Welt-COPD-Tag finden Sie unter <a href=\"http:\/\/www.goldcopd.org\">www.goldcopd.org<\/a>.<\/p><h6>Quelle: COPD-Austria, Global Initiative for Chronic Obstructive Lung Disease<\/h6>\t\t\t\t\t\t\t\t<\/div>\n\t\t\t\t<\/div>\n\t\t\t\t\t<\/div>\n\t\t<\/div>\n\t\t\t\t\t<\/div>\n\t\t<\/section>\n\t\t\t\t<\/div>\n\t\t","protected":false},"excerpt":{"rendered":"<p>Welt-COPD-Tag 2022 Deine Lunge f\u00fcr ein ganzes Leben Mittwoch, 16. November 2022 &#8222;myCOPD-Challenge&#8220; am Bergisel. Wie schon in den vergangenen Jahren findet auch heuer wieder die myCOPD-Challenge am Bergisel statt. Bei der Challenge in Tirol wird der Turm der Bergiselschanze in Innsbruck mit seinen 283 Treppenstufen erklommen. Unterst\u00fctzt werden die Tiroler Sportler:innen von Dr. Christoph [&hellip;]<\/p>\n","protected":false},"author":1,"featured_media":0,"parent":346,"menu_order":4,"comment_status":"closed","ping_status":"closed","template":"elementor_theme","meta":{"footnotes":""},"class_list":["post-4530","page","type-page","status-publish","hentry"],"_links":{"self":[{"href":"https:\/\/copd-austria.at\/wordpress\/wp-json\/wp\/v2\/pages\/4530","targetHints":{"allow":["GET"]}}],"collection":[{"href":"https:\/\/copd-austria.at\/wordpress\/wp-json\/wp\/v2\/pages"}],"about":[{"href":"https:\/\/copd-austria.at\/wordpress\/wp-json\/wp\/v2\/types\/page"}],"author":[{"embeddable":true,"href":"https:\/\/copd-austria.at\/wordpress\/wp-json\/wp\/v2\/users\/1"}],"replies":[{"embeddable":true,"href":"https:\/\/copd-austria.at\/wordpress\/wp-json\/wp\/v2\/comments?post=4530"}],"version-history":[{"count":0,"href":"https:\/\/copd-austria.at\/wordpress\/wp-json\/wp\/v2\/pages\/4530\/revisions"}],"up":[{"embeddable":true,"href":"https:\/\/copd-austria.at\/wordpress\/wp-json\/wp\/v2\/pages\/346"}],"wp:attachment":[{"href":"https:\/\/copd-austria.at\/wordpress\/wp-json\/wp\/v2\/media?parent=4530"}],"curies":[{"name":"wp","href":"https:\/\/api.w.org\/{rel}","templated":true}]}}