{"id":6279,"date":"2021-03-04T22:22:46","date_gmt":"2021-03-04T21:22:46","guid":{"rendered":"https:\/\/copd-austria.at\/wordpress\/?page_id=6279"},"modified":"2026-01-08T18:19:38","modified_gmt":"2026-01-08T17:19:38","slug":"aktiv-gruppen","status":"publish","type":"page","link":"https:\/\/copd-austria.at\/wordpress\/aktiv-gruppen\/","title":{"rendered":"AKTIV-Gruppen"},"content":{"rendered":"\t\t<div data-elementor-type=\"wp-page\" data-elementor-id=\"6279\" class=\"elementor elementor-6279\" data-elementor-post-type=\"page\">\n\t\t\t\t\t\t<section class=\"elementor-section elementor-top-section elementor-element elementor-element-665544c elementor-section-boxed elementor-section-height-default elementor-section-height-default\" data-id=\"665544c\" data-element_type=\"section\" data-e-type=\"section\">\n\t\t\t\t\t\t<div class=\"elementor-container elementor-column-gap-default\">\n\t\t\t\t\t<div class=\"elementor-column elementor-col-100 elementor-top-column elementor-element elementor-element-da7c22b\" data-id=\"da7c22b\" data-element_type=\"column\" data-e-type=\"column\">\n\t\t\t<div class=\"elementor-widget-wrap elementor-element-populated\">\n\t\t\t\t\t\t<div class=\"elementor-element elementor-element-d645961 elementor-widget elementor-widget-text-editor\" data-id=\"d645961\" data-element_type=\"widget\" data-e-type=\"widget\" data-widget_type=\"text-editor.default\">\n\t\t\t\t<div class=\"elementor-widget-container\">\n\t\t\t\t\t\t\t\t\t<h1><span style=\"color: #ff0000;\"><em><strong>aktiv<\/strong><\/em><\/span> mit COPD<\/h1>\t\t\t\t\t\t\t\t<\/div>\n\t\t\t\t<\/div>\n\t\t\t\t\t<\/div>\n\t\t<\/div>\n\t\t\t\t\t<\/div>\n\t\t<\/section>\n\t\t\t\t<section class=\"elementor-section elementor-top-section elementor-element elementor-element-fd295dd elementor-section-boxed elementor-section-height-default elementor-section-height-default\" data-id=\"fd295dd\" data-element_type=\"section\" data-e-type=\"section\">\n\t\t\t\t\t\t<div class=\"elementor-container elementor-column-gap-default\">\n\t\t\t\t\t<div class=\"elementor-column elementor-col-100 elementor-top-column elementor-element elementor-element-5d847b4\" data-id=\"5d847b4\" data-element_type=\"column\" data-e-type=\"column\">\n\t\t\t<div class=\"elementor-widget-wrap elementor-element-populated\">\n\t\t\t\t\t\t<div class=\"elementor-element elementor-element-b320467 elementor-widget elementor-widget-text-editor\" data-id=\"b320467\" data-element_type=\"widget\" data-e-type=\"widget\" data-widget_type=\"text-editor.default\">\n\t\t\t\t<div class=\"elementor-widget-container\">\n\t\t\t\t\t\t\t\t\t<p><\/p>\n<h3><span style=\"color: #000000;\">An mehreren Orten in \u00d6sterreich gibt es <span style=\"color: #ff0000;\"><em><strong>aktiv<\/strong><\/em><\/span>Gruppen.<\/span><\/h3>\n<p>Die <span style=\"color: #ff0000;\"><em><strong>aktiv<\/strong><\/em><\/span>Gruppen bieten <span style=\"color: #1e73be;\"><strong>Spazierg\u00e4nge mit oder ohne St\u00f6cke <\/strong><\/span>an. Die Gruppen suchen sich ein passendes Gel\u00e4nde, einen Ort f\u00fcr ihre Aktivit\u00e4ten. Jeder kann mitmachen. Mit oder ohne Sauerstoff, mit oder ohne Konzentrator, gest\u00fctzt von Gehstock oder Rollator.<\/p>\n<p><\/p>\n<p><\/p>\n<p>Es wird immer auf den Schw\u00e4chsten R\u00fccksicht genommen, so passiert es, dass sich Gruppen teilen, eine etwas schneller unterwegs ist als die andere. Aber man begegnet sich immer wieder f\u00fcr ein kurzes Gespr\u00e4ch oder eine Pause.<\/p>\n<p>Wir sind uns bewusst, dass dieses <strong>Gehen mit und ohne St\u00f6cke im \u00f6ffentlichen Raum <\/strong>f\u00fcr Menschen, die tagein tagaus die Last eines Sauerstoffger\u00e4tes mit sich tragen, und immer wieder (neugierigen) Blicken ausgesetzt sind, <strong>eine<\/strong> <strong>gro\u00dfe Herausforderung<\/strong> darstellt.<\/p>\n<p>Ebenso sind wir uns dar\u00fcber im Klaren, dass es f\u00fcr Menschen mit COPD oft sehr schwierig ist aktiv zu sein, Bewegung zu machen. Dennoch denken wir, dass es wichtig ist, sich immer wieder <strong>neu zu motivieren, sich aufzuraffen, den inneren Schweinehund zu \u00fcberwinden<\/strong> um sich etwas Gutes zu tun indem man regelm\u00e4\u00dfig hinausgeht und seinen K\u00f6rper st\u00e4rkt.<\/p>\n<p>Uns als Verantwortliche der COPD-Austria ist es ein ganz gro\u00dfes Anliegen f\u00fcr Euch, und die vielen COPDler, die wir noch nicht kennen da zu sein. Euch zu motivieren, einzuladen, das <strong>\u201eMedikament Bewegung\u201c<\/strong> zu <strong>nutzen<\/strong>.<\/p>\n<p>Neben der k\u00f6rperlichen Ert\u00fcchtigung hat das auch noch den angenehmen Nebeneffekt, dass dabei <strong>Sozialkontakte<\/strong> gepflegt und neu gekn\u00fcpft werden und der <strong>Spa\u00df<\/strong> nicht zu kurz kommt \u2013 was nicht weniger wichtig ist. Vielleicht schon beim n\u00e4chsten Spaziergang.<\/p>\n<p><\/p>\n<p><\/p>\n<p><span style=\"color: #1e73be;\"><strong>Komm und mach mit, es f\u00e4ngt schnell an Spass zu machen. Bald wirst du merken dass Bewegung nicht nur M\u00fche ist, sondern ein Medikament das dich STARK macht.<\/strong><\/span><\/p>\n<p><\/p>\t\t\t\t\t\t\t\t<\/div>\n\t\t\t\t<\/div>\n\t\t\t\t\t<\/div>\n\t\t<\/div>\n\t\t\t\t\t<\/div>\n\t\t<\/section>\n\t\t<div class=\"elementor-element elementor-element-c446993 e-flex e-con-boxed e-con e-parent\" data-id=\"c446993\" data-element_type=\"container\" data-e-type=\"container\">\n\t\t\t\t\t<div class=\"e-con-inner\">\n\t\t\t\t<div class=\"elementor-element elementor-element-2bb057b elementor-widget elementor-widget-text-editor\" data-id=\"2bb057b\" data-element_type=\"widget\" data-e-type=\"widget\" data-widget_type=\"text-editor.default\">\n\t\t\t\t<div class=\"elementor-widget-container\">\n\t\t\t\t\t\t\t\t\t<h2>R\u00fcckblick auf die Highlights 2025<\/h2>\t\t\t\t\t\t\t\t<\/div>\n\t\t\t\t<\/div>\n\t\t\t\t\t<\/div>\n\t\t\t\t<\/div>\n\t\t<div class=\"elementor-element elementor-element-7eeef83 e-flex e-con-boxed e-con e-parent\" data-id=\"7eeef83\" data-element_type=\"container\" data-e-type=\"container\">\n\t\t\t\t\t<div class=\"e-con-inner\">\n\t\t<div class=\"elementor-element elementor-element-764e6d4 e-con-full e-flex e-con e-child\" data-id=\"764e6d4\" data-element_type=\"container\" data-e-type=\"container\">\n\t\t\t\t<div class=\"elementor-element elementor-element-b7de50e elementor-widget elementor-widget-text-editor\" data-id=\"b7de50e\" data-element_type=\"widget\" data-e-type=\"widget\" data-widget_type=\"text-editor.default\">\n\t\t\t\t<div class=\"elementor-widget-container\">\n\t\t\t\t\t\t\t\t\t<p>Die ersten Stationen der COPD-Austria StufenChallenge 2025 in Wien mit dem <strong>Nordturm<\/strong> des <strong>Stephansdoms<\/strong> und am Grazer <strong>Schlo\u00dfberg<\/strong> zum <strong>Uhrturm<\/strong> sind erfolgreich gelaufen.<\/p>\n<p>Die dritte Station dieser Herausforderungen bildete am <strong>26. September 2025<\/strong> der <strong>Klangturm<\/strong> in <strong>St. P\u00f6lten<\/strong>.<\/p>\n<p>Als letzte Etappe des Jahres 2025, stand am <strong>19. November,<\/strong> stand der Aufstieg auf die <strong>Bergiselschanze <\/strong>am Programm. <br \/><em>Im Bild die begeisterten Teilnehmer der Challenge in Innsbruck.<\/em><\/p>\n<p>Alle Informationen dazu unter:<\/p>\n<p><span style=\"color: #1e73be;\"><a style=\"color: #1e73be;\" href=\"https:\/\/copd-austria.at\/wordpress\/stufen-challenge\/\"><strong>COPD Stufen-Challenge<\/strong><\/a><\/span><\/p>\t\t\t\t\t\t\t\t<\/div>\n\t\t\t\t<\/div>\n\t\t\t\t<\/div>\n\t\t<div class=\"elementor-element elementor-element-349b7de e-con-full e-flex e-con e-child\" data-id=\"349b7de\" data-element_type=\"container\" data-e-type=\"container\">\n\t\t\t\t<div class=\"elementor-element elementor-element-fd3f4b4 elementor-widget elementor-widget-image\" data-id=\"fd3f4b4\" data-element_type=\"widget\" data-e-type=\"widget\" data-widget_type=\"image.default\">\n\t\t\t\t<div class=\"elementor-widget-container\">\n\t\t\t\t\t\t\t\t\t\t\t\t\t\t\t\t<a href=\"https:\/\/copd-austria.at\/wordpress\/wp-content\/uploads\/2025\/11\/Gruppenfoto_COPD-Challenge25_\u00a9Reha-Innsbruck-1.jpg\" data-elementor-open-lightbox=\"yes\" data-e-action-hash=\"#elementor-action%3Aaction%3Dlightbox%26settings%3DeyJpZCI6MjcyOTgsInVybCI6Imh0dHBzOlwvXC9jb3BkLWF1c3RyaWEuYXRcL3dvcmRwcmVzc1wvd3AtY29udGVudFwvdXBsb2Fkc1wvMjAyNVwvMTFcL0dydXBwZW5mb3RvX0NPUEQtQ2hhbGxlbmdlMjVfXHUwMGE5UmVoYS1Jbm5zYnJ1Y2stMS5qcGcifQ%3D%3D\">\n\t\t\t\t\t\t\t<img fetchpriority=\"high\" decoding=\"async\" width=\"2000\" height=\"1032\" src=\"https:\/\/copd-austria.at\/wordpress\/wp-content\/uploads\/2025\/11\/Gruppenfoto_COPD-Challenge25_\u00a9Reha-Innsbruck-1.jpg\" class=\"attachment-full size-full wp-image-27298\" alt=\"\" srcset=\"https:\/\/copd-austria.at\/wordpress\/wp-content\/uploads\/2025\/11\/Gruppenfoto_COPD-Challenge25_\u00a9Reha-Innsbruck-1.jpg 2000w, https:\/\/copd-austria.at\/wordpress\/wp-content\/uploads\/2025\/11\/Gruppenfoto_COPD-Challenge25_\u00a9Reha-Innsbruck-1-300x155.jpg 300w, https:\/\/copd-austria.at\/wordpress\/wp-content\/uploads\/2025\/11\/Gruppenfoto_COPD-Challenge25_\u00a9Reha-Innsbruck-1-1140x588.jpg 1140w, https:\/\/copd-austria.at\/wordpress\/wp-content\/uploads\/2025\/11\/Gruppenfoto_COPD-Challenge25_\u00a9Reha-Innsbruck-1-768x396.jpg 768w, https:\/\/copd-austria.at\/wordpress\/wp-content\/uploads\/2025\/11\/Gruppenfoto_COPD-Challenge25_\u00a9Reha-Innsbruck-1-1536x793.jpg 1536w\" sizes=\"(max-width: 2000px) 100vw, 2000px\" \/>\t\t\t\t\t\t\t\t<\/a>\n\t\t\t\t\t\t\t\t\t\t\t\t\t\t\t<\/div>\n\t\t\t\t<\/div>\n\t\t\t\t<\/div>\n\t\t\t\t\t<\/div>\n\t\t\t\t<\/div>\n\t\t\t\t<section class=\"elementor-section elementor-top-section elementor-element elementor-element-57100e7 elementor-section-boxed elementor-section-height-default elementor-section-height-default\" data-id=\"57100e7\" data-element_type=\"section\" data-e-type=\"section\">\n\t\t\t\t\t\t<div class=\"elementor-container elementor-column-gap-default\">\n\t\t\t\t\t<div class=\"elementor-column elementor-col-50 elementor-top-column elementor-element elementor-element-3ff9d8d\" data-id=\"3ff9d8d\" data-element_type=\"column\" data-e-type=\"column\">\n\t\t\t<div class=\"elementor-widget-wrap elementor-element-populated\">\n\t\t\t\t\t\t<div class=\"elementor-element elementor-element-e991c68 elementor-widget elementor-widget-text-editor\" data-id=\"e991c68\" data-element_type=\"widget\" data-e-type=\"widget\" data-widget_type=\"text-editor.default\">\n\t\t\t\t<div class=\"elementor-widget-container\">\n\t\t\t\t\t\t\t\t\t<div class=\"\" dir=\"auto\">\n<div id=\"jsc_c_5e\" class=\"ecm0bbzt hv4rvrfc ihqw7lf3 dati1w0a\" data-ad-comet-preview=\"message\" data-ad-preview=\"message\">\n<div class=\"j83agx80 cbu4d94t ew0dbk1b irj2b8pg\">\n<div class=\"qzhwtbm6 knvmm38d\">\n<div class=\"kvgmc6g5 cxmmr5t8 oygrvhab hcukyx3x c1et5uql ii04i59q\">\n<h4 dir=\"auto\"><strong><span style=\"color: #ff0000;\">1. Wanderung der <em>aktiv<\/em><\/span><\/strong><span style=\"color: #ff0000;\">Gruppe<\/span> <span style=\"color: #ff0000;\"><strong>Tirol:<\/strong><\/span><\/h4>\n<p dir=\"auto\"><em>Ein Kurzbericht von Monika Oberdorfer.<\/em><\/p>\n<div dir=\"auto\">Unsere erste &#8222;COPD Austria&#8220; Selbsthilfegruppe unternahm eine kleine Wanderung <span class=\"pq6dq46d tbxw36s4 knj5qynh kvgmc6g5 ditlmg2l oygrvhab nvdbi5me sf5mxxl7 gl3lb2sf hhz5lgdu\"><img decoding=\"async\" src=\"https:\/\/static.xx.fbcdn.net\/images\/emoji.php\/v9\/ta4\/1\/16\/1f392.png\" alt=\"\ud83c\udf92\" width=\"16\" height=\"16\" \/><\/span><span class=\"pq6dq46d tbxw36s4 knj5qynh kvgmc6g5 ditlmg2l oygrvhab nvdbi5me sf5mxxl7 gl3lb2sf hhz5lgdu\"><img decoding=\"async\" src=\"https:\/\/static.xx.fbcdn.net\/images\/emoji.php\/v9\/t9d\/1\/16\/1f45f.png\" alt=\"\ud83d\udc5f\" width=\"16\" height=\"16\" \/><\/span>von der Hungerburg zum Gasthof Gramart, wo eine St\u00e4rkung gut schmeckte. Zum Abschluss dann noch einen Kaffee<span class=\"pq6dq46d tbxw36s4 knj5qynh kvgmc6g5 ditlmg2l oygrvhab nvdbi5me sf5mxxl7 gl3lb2sf hhz5lgdu\"><img loading=\"lazy\" decoding=\"async\" src=\"https:\/\/static.xx.fbcdn.net\/images\/emoji.php\/v9\/t91\/1\/16\/2615.png\" alt=\"\u2615\" width=\"16\" height=\"16\" \/><\/span> es hat allen gut gefallen.<\/div>\n<\/div>\n<\/div>\n<\/div>\n<\/div>\n<\/div>\t\t\t\t\t\t\t\t<\/div>\n\t\t\t\t<\/div>\n\t\t\t\t\t<\/div>\n\t\t<\/div>\n\t\t\t\t<div class=\"elementor-column elementor-col-50 elementor-top-column elementor-element elementor-element-26c31c4\" data-id=\"26c31c4\" data-element_type=\"column\" data-e-type=\"column\" data-settings=\"{&quot;animation&quot;:&quot;none&quot;}\">\n\t\t\t<div class=\"elementor-widget-wrap elementor-element-populated\">\n\t\t\t\t\t\t<div class=\"elementor-element elementor-element-5e4dbe8 elementor-arrows-position-inside elementor-pagination-position-outside elementor-widget elementor-widget-image-carousel\" data-id=\"5e4dbe8\" data-element_type=\"widget\" data-e-type=\"widget\" data-settings=\"{&quot;slides_to_show&quot;:&quot;4&quot;,&quot;navigation&quot;:&quot;both&quot;,&quot;autoplay&quot;:&quot;yes&quot;,&quot;pause_on_hover&quot;:&quot;yes&quot;,&quot;pause_on_interaction&quot;:&quot;yes&quot;,&quot;autoplay_speed&quot;:5000,&quot;infinite&quot;:&quot;yes&quot;,&quot;speed&quot;:500}\" data-widget_type=\"image-carousel.default\">\n\t\t\t\t<div class=\"elementor-widget-container\">\n\t\t\t\t\t\t\t<div class=\"elementor-image-carousel-wrapper swiper\" role=\"region\" aria-roledescription=\"carousel\" aria-label=\"Bild Karussell\" dir=\"ltr\">\n\t\t\t<div class=\"elementor-image-carousel swiper-wrapper\" aria-live=\"off\">\n\t\t\t\t\t\t\t\t<div class=\"swiper-slide\" role=\"group\" aria-roledescription=\"slide\" aria-label=\"1 von 4\"><figure class=\"swiper-slide-inner\"><img decoding=\"async\" class=\"swiper-slide-image\" src=\"https:\/\/copd-austria.at\/wordpress\/wp-content\/uploads\/2021\/10\/Tirol_08-1-768x1109.jpg\" alt=\"Tirol_08\" \/><\/figure><\/div><div class=\"swiper-slide\" role=\"group\" aria-roledescription=\"slide\" aria-label=\"2 von 4\"><figure class=\"swiper-slide-inner\"><img decoding=\"async\" class=\"swiper-slide-image\" src=\"https:\/\/copd-austria.at\/wordpress\/wp-content\/uploads\/2021\/10\/Tirol_06-1-768x1109.jpg\" alt=\"Tirol_06\" \/><\/figure><\/div><div class=\"swiper-slide\" role=\"group\" aria-roledescription=\"slide\" aria-label=\"3 von 4\"><figure class=\"swiper-slide-inner\"><img decoding=\"async\" class=\"swiper-slide-image\" src=\"https:\/\/copd-austria.at\/wordpress\/wp-content\/uploads\/2021\/10\/Tirol_07-1-768x1109.jpg\" alt=\"Tirol_07\" \/><\/figure><\/div><div class=\"swiper-slide\" role=\"group\" aria-roledescription=\"slide\" aria-label=\"4 von 4\"><figure class=\"swiper-slide-inner\"><img decoding=\"async\" class=\"swiper-slide-image\" src=\"https:\/\/copd-austria.at\/wordpress\/wp-content\/uploads\/2021\/10\/Tirol_09-1-768x1109.jpg\" alt=\"Tirol_09\" \/><\/figure><\/div>\t\t\t<\/div>\n\t\t\t\t\t\t\t\t\t\t\t\t<div class=\"elementor-swiper-button elementor-swiper-button-prev\" role=\"button\" tabindex=\"0\">\n\t\t\t\t\t\t<svg aria-hidden=\"true\" class=\"e-font-icon-svg e-eicon-chevron-left\" viewBox=\"0 0 1000 1000\" xmlns=\"http:\/\/www.w3.org\/2000\/svg\"><path d=\"M646 125C629 125 613 133 604 142L308 442C296 454 292 471 292 487 292 504 296 521 308 533L604 854C617 867 629 875 646 875 663 875 679 871 692 858 704 846 713 829 713 812 713 796 708 779 692 767L438 487 692 225C700 217 708 204 708 187 708 171 704 154 692 142 675 129 663 125 646 125Z\"><\/path><\/svg>\t\t\t\t\t<\/div>\n\t\t\t\t\t<div class=\"elementor-swiper-button elementor-swiper-button-next\" role=\"button\" tabindex=\"0\">\n\t\t\t\t\t\t<svg aria-hidden=\"true\" class=\"e-font-icon-svg e-eicon-chevron-right\" viewBox=\"0 0 1000 1000\" xmlns=\"http:\/\/www.w3.org\/2000\/svg\"><path d=\"M696 533C708 521 713 504 713 487 713 471 708 454 696 446L400 146C388 133 375 125 354 125 338 125 325 129 313 142 300 154 292 171 292 187 292 204 296 221 308 233L563 492 304 771C292 783 288 800 288 817 288 833 296 850 308 863 321 871 338 875 354 875 371 875 388 867 400 854L696 533Z\"><\/path><\/svg>\t\t\t\t\t<\/div>\n\t\t\t\t\n\t\t\t\t\t\t\t\t\t<div class=\"swiper-pagination\"><\/div>\n\t\t\t\t\t\t\t\t\t<\/div>\n\t\t\t\t\t\t<\/div>\n\t\t\t\t<\/div>\n\t\t\t\t\t<\/div>\n\t\t<\/div>\n\t\t\t\t\t<\/div>\n\t\t<\/section>\n\t\t\t\t<\/div>\n\t\t","protected":false},"excerpt":{"rendered":"<p>aktiv mit COPD An mehreren Orten in \u00d6sterreich gibt es aktivGruppen. Die aktivGruppen bieten Spazierg\u00e4nge mit oder ohne St\u00f6cke an. Die Gruppen suchen sich ein passendes Gel\u00e4nde, einen Ort f\u00fcr ihre Aktivit\u00e4ten. Jeder kann mitmachen. Mit oder ohne Sauerstoff, mit oder ohne Konzentrator, gest\u00fctzt von Gehstock oder Rollator. Es wird immer auf den Schw\u00e4chsten R\u00fccksicht [&hellip;]<\/p>\n","protected":false},"author":1,"featured_media":0,"parent":0,"menu_order":0,"comment_status":"closed","ping_status":"closed","template":"elementor_theme","meta":{"footnotes":""},"class_list":["post-6279","page","type-page","status-publish","hentry"],"_links":{"self":[{"href":"https:\/\/copd-austria.at\/wordpress\/wp-json\/wp\/v2\/pages\/6279","targetHints":{"allow":["GET"]}}],"collection":[{"href":"https:\/\/copd-austria.at\/wordpress\/wp-json\/wp\/v2\/pages"}],"about":[{"href":"https:\/\/copd-austria.at\/wordpress\/wp-json\/wp\/v2\/types\/page"}],"author":[{"embeddable":true,"href":"https:\/\/copd-austria.at\/wordpress\/wp-json\/wp\/v2\/users\/1"}],"replies":[{"embeddable":true,"href":"https:\/\/copd-austria.at\/wordpress\/wp-json\/wp\/v2\/comments?post=6279"}],"version-history":[{"count":36,"href":"https:\/\/copd-austria.at\/wordpress\/wp-json\/wp\/v2\/pages\/6279\/revisions"}],"predecessor-version":[{"id":27655,"href":"https:\/\/copd-austria.at\/wordpress\/wp-json\/wp\/v2\/pages\/6279\/revisions\/27655"}],"wp:attachment":[{"href":"https:\/\/copd-austria.at\/wordpress\/wp-json\/wp\/v2\/media?parent=6279"}],"curies":[{"name":"wp","href":"https:\/\/api.w.org\/{rel}","templated":true}]}}