{"id":768,"date":"2024-01-18T12:49:28","date_gmt":"2024-01-18T11:49:28","guid":{"rendered":"https:\/\/copd-austria.at\/wordpress\/?page_id=768"},"modified":"2026-02-23T20:28:20","modified_gmt":"2026-02-23T19:28:20","slug":"atem-yoga","status":"publish","type":"page","link":"https:\/\/copd-austria.at\/wordpress\/atem-yoga\/","title":{"rendered":"Atem-YOGA"},"content":{"rendered":"\t\t<div data-elementor-type=\"wp-page\" data-elementor-id=\"768\" class=\"elementor elementor-768\" data-elementor-post-type=\"page\">\n\t\t\t\t<div class=\"elementor-element elementor-element-9075c56 e-con-full e-flex e-con e-parent\" data-id=\"9075c56\" data-element_type=\"container\" data-e-type=\"container\">\n\t\t\t\t<div class=\"elementor-element elementor-element-d2fa524 elementor-widget elementor-widget-text-editor\" data-id=\"d2fa524\" data-element_type=\"widget\" data-e-type=\"widget\" data-widget_type=\"text-editor.default\">\n\t\t\t\t<div class=\"elementor-widget-container\">\n\t\t\t\t\t\t\t\t\t<h1 style=\"text-align: center;\"><span style=\"color: #1e73be;\">Das Gesundheitstraining geht weiter!<\/span><\/h1>\t\t\t\t\t\t\t\t<\/div>\n\t\t\t\t<\/div>\n\t\t\t\t<\/div>\n\t\t<div class=\"elementor-element elementor-element-e53a7b6 e-flex e-con-boxed e-con e-parent\" data-id=\"e53a7b6\" data-element_type=\"container\" data-e-type=\"container\">\n\t\t\t\t\t<div class=\"e-con-inner\">\n\t\t<div class=\"elementor-element elementor-element-5890b70 e-con-full e-flex e-con e-child\" data-id=\"5890b70\" data-element_type=\"container\" data-e-type=\"container\">\n\t\t\t\t<div class=\"elementor-element elementor-element-30333eb elementor-widget elementor-widget-text-editor\" data-id=\"30333eb\" data-element_type=\"widget\" data-e-type=\"widget\" data-widget_type=\"text-editor.default\">\n\t\t\t\t<div class=\"elementor-widget-container\">\n\t\t\t\t\t\t\t\t\t<h4>Das Angebot &#8222;Yoga f\u00fcr Menschen mit COPD und Atemwegserkrankungen&#8220; mit Santosha geht auch 2026 weiter!<\/h4><p>Bei diesem Angebot k\u00f6nnen auch Personen, die nicht zur COPD-Austria geh\u00f6ren, dabei sein. So ist es m\u00f6glich das <strong>Gesundheitstraining f\u00fcr Menschen mit COPD &amp; Atemwegserkrankungen<\/strong> zu g\u00fcnstigen Konditionen anzubieten.<\/p><p>Die Organisation und Abrechnung l\u00e4uft \u00fcber Santosha. <br \/>Es werden jeweils 5-Wochen Kurse abgehalten.<\/p><p><strong>Die Kosten daf\u00fcr betragen \u20ac 69,&#8211;<br \/><\/strong><strong>Der Einstieg ist jederzeit m\u00f6glich.<\/strong><\/p><h5>Anmeldung unter: <a href=\"mailto:info@santosha.at\"><span style=\"color: #1e73be;\">info@santosha.at<\/span><\/a><\/h5>\t\t\t\t\t\t\t\t<\/div>\n\t\t\t\t<\/div>\n\t\t\t\t<\/div>\n\t\t<div class=\"elementor-element elementor-element-75320c1 e-con-full e-flex e-con e-child\" data-id=\"75320c1\" data-element_type=\"container\" data-e-type=\"container\">\n\t\t\t\t<div class=\"elementor-element elementor-element-a117289 elementor-widget-mobile__width-inherit elementor-widget elementor-widget-image\" data-id=\"a117289\" data-element_type=\"widget\" data-e-type=\"widget\" data-widget_type=\"image.default\">\n\t\t\t\t<div class=\"elementor-widget-container\">\n\t\t\t\t\t\t\t\t\t\t\t\t\t\t\t\t<a href=\"https:\/\/copd-austria.at\/wordpress\/wp-content\/uploads\/2026\/02\/Yoga_2026_02_COPD-Austria.jpg\" data-elementor-open-lightbox=\"yes\" data-e-action-hash=\"#elementor-action%3Aaction%3Dlightbox%26settings%3DeyJpZCI6MjgwOTgsInVybCI6Imh0dHBzOlwvXC9jb3BkLWF1c3RyaWEuYXRcL3dvcmRwcmVzc1wvd3AtY29udGVudFwvdXBsb2Fkc1wvMjAyNlwvMDJcL1lvZ2FfMjAyNl8wMl9DT1BELUF1c3RyaWEuanBnIn0%3D\">\n\t\t\t\t\t\t\t<img fetchpriority=\"high\" decoding=\"async\" width=\"768\" height=\"591\" src=\"https:\/\/copd-austria.at\/wordpress\/wp-content\/uploads\/2026\/02\/Yoga_2026_02_COPD-Austria.jpg\" class=\"attachment-full size-full wp-image-28098\" alt=\"\" srcset=\"https:\/\/copd-austria.at\/wordpress\/wp-content\/uploads\/2026\/02\/Yoga_2026_02_COPD-Austria.jpg 768w, https:\/\/copd-austria.at\/wordpress\/wp-content\/uploads\/2026\/02\/Yoga_2026_02_COPD-Austria-300x231.jpg 300w\" sizes=\"(max-width: 768px) 100vw, 768px\" \/>\t\t\t\t\t\t\t\t<\/a>\n\t\t\t\t\t\t\t\t\t\t\t\t\t\t\t<\/div>\n\t\t\t\t<\/div>\n\t\t\t\t<\/div>\n\t\t\t\t\t<\/div>\n\t\t\t\t<\/div>\n\t\t<div class=\"elementor-element elementor-element-579a9bc e-flex e-con-boxed e-con e-parent\" data-id=\"579a9bc\" data-element_type=\"container\" data-e-type=\"container\">\n\t\t\t\t\t<div class=\"e-con-inner\">\n\t\t\t\t<div class=\"elementor-element elementor-element-31d6fc7 elementor-widget elementor-widget-text-editor\" data-id=\"31d6fc7\" data-element_type=\"widget\" data-e-type=\"widget\" data-widget_type=\"text-editor.default\">\n\t\t\t\t<div class=\"elementor-widget-container\">\n\t\t\t\t\t\t\t\t\t<h2><span style=\"color: #1473be;\">R\u00fcckblick auf 2024<\/span><\/h2>\t\t\t\t\t\t\t\t<\/div>\n\t\t\t\t<\/div>\n\t\t\t\t\t<\/div>\n\t\t\t\t<\/div>\n\t\t\t\t<section class=\"elementor-section elementor-top-section elementor-element elementor-element-dab8a9a elementor-section-boxed elementor-section-height-default elementor-section-height-default\" data-id=\"dab8a9a\" data-element_type=\"section\" data-e-type=\"section\">\n\t\t\t\t\t\t<div class=\"elementor-container elementor-column-gap-default\">\n\t\t\t\t\t<div class=\"elementor-column elementor-col-50 elementor-top-column elementor-element elementor-element-441ba08\" data-id=\"441ba08\" data-element_type=\"column\" data-e-type=\"column\">\n\t\t\t<div class=\"elementor-widget-wrap elementor-element-populated\">\n\t\t\t\t\t\t<div class=\"elementor-element elementor-element-ec93610 elementor-widget elementor-widget-image\" data-id=\"ec93610\" data-element_type=\"widget\" data-e-type=\"widget\" data-widget_type=\"image.default\">\n\t\t\t\t<div class=\"elementor-widget-container\">\n\t\t\t\t\t\t\t\t\t\t\t\t\t\t\t\t<a href=\"https:\/\/copd-austria.at\/wordpress\/wp-content\/uploads\/2024\/02\/YogaStunde_01_19-02-24-e1708363008408.jpg\" data-elementor-open-lightbox=\"yes\" data-e-action-hash=\"#elementor-action%3Aaction%3Dlightbox%26settings%3DeyJpZCI6MjEwNzUsInVybCI6Imh0dHBzOlwvXC9jb3BkLWF1c3RyaWEuYXRcL3dvcmRwcmVzc1wvd3AtY29udGVudFwvdXBsb2Fkc1wvMjAyNFwvMDJcL1lvZ2FTdHVuZGVfMDFfMTktMDItMjQtZTE3MDgzNjMwMDg0MDguanBnIn0%3D\">\n\t\t\t\t\t\t\t<img decoding=\"async\" width=\"768\" height=\"433\" src=\"https:\/\/copd-austria.at\/wordpress\/wp-content\/uploads\/2024\/02\/YogaStunde_01_19-02-24-e1708363008408.jpg\" class=\"attachment-full size-full wp-image-21075\" alt=\"Yoga-Stunde, 19-02-24\" srcset=\"https:\/\/copd-austria.at\/wordpress\/wp-content\/uploads\/2024\/02\/YogaStunde_01_19-02-24-e1708363008408.jpg 768w, https:\/\/copd-austria.at\/wordpress\/wp-content\/uploads\/2024\/02\/YogaStunde_01_19-02-24-e1708363008408-300x169.jpg 300w\" sizes=\"(max-width: 768px) 100vw, 768px\" \/>\t\t\t\t\t\t\t\t<\/a>\n\t\t\t\t\t\t\t\t\t\t\t\t\t\t\t<\/div>\n\t\t\t\t<\/div>\n\t\t\t\t<div class=\"elementor-element elementor-element-5518787 elementor-widget elementor-widget-text-editor\" data-id=\"5518787\" data-element_type=\"widget\" data-e-type=\"widget\" data-widget_type=\"text-editor.default\">\n\t\t\t\t<div class=\"elementor-widget-container\">\n\t\t\t\t\t\t\t\t\t<p>Die Yoga-Stunden mit <strong>Irene Absenger<\/strong> am Montagvormittag verhalfen den Teilnehmern zu einem guten Start in eine neue Woche.<\/p>\t\t\t\t\t\t\t\t<\/div>\n\t\t\t\t<\/div>\n\t\t\t\t\t<\/div>\n\t\t<\/div>\n\t\t\t\t<div class=\"elementor-column elementor-col-50 elementor-top-column elementor-element elementor-element-03b6449\" data-id=\"03b6449\" data-element_type=\"column\" data-e-type=\"column\">\n\t\t\t<div class=\"elementor-widget-wrap elementor-element-populated\">\n\t\t\t\t\t\t<div class=\"elementor-element elementor-element-e3059d6 elementor-widget elementor-widget-text-editor\" data-id=\"e3059d6\" data-element_type=\"widget\" data-e-type=\"widget\" data-widget_type=\"text-editor.default\">\n\t\t\t\t<div class=\"elementor-widget-container\">\n\t\t\t\t\t\t\t\t\t<h3>Die <strong>YOGA-Stunden <\/strong>f\u00fcr Menschen mit COPD oder anderen Atemwegserkrankungen mit <strong>Irene Absenger <\/strong>waren immer unterhaltsam und\u00a0 machten Lust auf mehr.<\/h3><h3>Gerne h\u00e4tten wir dieses Angebot f\u00fcr K\u00f6rper, Geist und Seele weiter aufrecht erhalten.<\/h3><p>Um diese finanzieren zu k\u00f6nnen w\u00e4re es allerdings notwendig gewesen, dass sich noch mehr Teilnehmer f\u00fcr die YOGA-Stunden verbindlich angemeldet h\u00e4tten.<\/p><p>So haben wir uns schweren Herzens entschlossen, die YOGA-Einheiten in dieser Form zu beenden.<\/p>\t\t\t\t\t\t\t\t<\/div>\n\t\t\t\t<\/div>\n\t\t\t\t\t<\/div>\n\t\t<\/div>\n\t\t\t\t\t<\/div>\n\t\t<\/section>\n\t\t\t\t<section class=\"elementor-section elementor-top-section elementor-element elementor-element-b4e9018 elementor-section-boxed elementor-section-height-default elementor-section-height-default\" data-id=\"b4e9018\" data-element_type=\"section\" data-e-type=\"section\">\n\t\t\t\t\t\t<div class=\"elementor-container elementor-column-gap-default\">\n\t\t\t\t\t<div class=\"elementor-column elementor-col-100 elementor-top-column elementor-element elementor-element-658194c\" data-id=\"658194c\" data-element_type=\"column\" data-e-type=\"column\">\n\t\t\t<div class=\"elementor-widget-wrap elementor-element-populated\">\n\t\t\t\t\t\t<div class=\"elementor-element elementor-element-72c269f elementor-widget elementor-widget-text-editor\" data-id=\"72c269f\" data-element_type=\"widget\" data-e-type=\"widget\" data-widget_type=\"text-editor.default\">\n\t\t\t\t<div class=\"elementor-widget-container\">\n\t\t\t\t\t\t\t\t\t<h2><span style=\"color: #ff0000;\">YOGA wirkt &#8230;<\/span><\/h2>\t\t\t\t\t\t\t\t<\/div>\n\t\t\t\t<\/div>\n\t\t\t\t\t<\/div>\n\t\t<\/div>\n\t\t\t\t\t<\/div>\n\t\t<\/section>\n\t\t\t\t<section class=\"elementor-section elementor-top-section elementor-element elementor-element-ee6cd34 elementor-section-boxed elementor-section-height-default elementor-section-height-default\" data-id=\"ee6cd34\" data-element_type=\"section\" data-e-type=\"section\">\n\t\t\t\t\t\t\t<div class=\"elementor-background-overlay\"><\/div>\n\t\t\t\t\t\t\t<div class=\"elementor-container elementor-column-gap-default\">\n\t\t\t\t\t<div class=\"elementor-column elementor-col-100 elementor-top-column elementor-element elementor-element-4d3c67a\" data-id=\"4d3c67a\" data-element_type=\"column\" data-e-type=\"column\">\n\t\t\t<div class=\"elementor-widget-wrap elementor-element-populated\">\n\t\t\t\t\t\t<div class=\"elementor-element elementor-element-011aedc elementor-widget elementor-widget-text-editor\" data-id=\"011aedc\" data-element_type=\"widget\" data-e-type=\"widget\" data-widget_type=\"text-editor.default\">\n\t\t\t\t<div class=\"elementor-widget-container\">\n\t\t\t\t\t\t\t\t\t<h3><strong>DeutschesGesundheitsPortal:<\/strong><br \/><strong><a href=\"https:\/\/online.us17.list-manage.com\/track\/click?u=4af3cb43d230cf1c6ca7a10fd&amp;id=02d214b831&amp;e=afa44163dc\"><span style=\"color: #008000;\">Yoga verbessert Lungenfunktion und Leistungsf\u00e4higkeit bei COPD<\/span><\/a><\/strong><\/h3><p>Die Studien zeigten, dass sich Yoga auch positiv auf COPD auswirken kann. Yoga lohnt sich somit nicht nur, um dem stressigen Alltag kurzzeitig zu entfliehen, sondern kr\u00e4ftigt zeitgleich den K\u00f6rper und speziell die Lunge.<br \/><span style=\"color: #008000;\"><a style=\"color: #008000;\" href=\"https:\/\/online.us17.list-manage.com\/track\/click?u=4af3cb43d230cf1c6ca7a10fd&amp;id=866da91c74&amp;e=afa44163dc\">Weiter zum ausf\u00fchrlichen Bericht \u2192<\/a><\/span><\/p>\t\t\t\t\t\t\t\t<\/div>\n\t\t\t\t<\/div>\n\t\t\t\t\t<\/div>\n\t\t<\/div>\n\t\t\t\t\t<\/div>\n\t\t<\/section>\n\t\t\t\t<\/div>\n\t\t","protected":false},"excerpt":{"rendered":"<p>Das Gesundheitstraining geht weiter! Das Angebot &#8222;Yoga f\u00fcr Menschen mit COPD und Atemwegserkrankungen&#8220; mit Santosha geht auch 2026 weiter! Bei diesem Angebot k\u00f6nnen auch Personen, die nicht zur COPD-Austria geh\u00f6ren, dabei sein. So ist es m\u00f6glich das Gesundheitstraining f\u00fcr Menschen mit COPD &amp; Atemwegserkrankungen zu g\u00fcnstigen Konditionen anzubieten. Die Organisation und Abrechnung l\u00e4uft \u00fcber Santosha. [&hellip;]<\/p>\n","protected":false},"author":1,"featured_media":0,"parent":0,"menu_order":1,"comment_status":"closed","ping_status":"closed","template":"elementor_theme","meta":{"footnotes":""},"class_list":["post-768","page","type-page","status-publish","hentry"],"_links":{"self":[{"href":"https:\/\/copd-austria.at\/wordpress\/wp-json\/wp\/v2\/pages\/768","targetHints":{"allow":["GET"]}}],"collection":[{"href":"https:\/\/copd-austria.at\/wordpress\/wp-json\/wp\/v2\/pages"}],"about":[{"href":"https:\/\/copd-austria.at\/wordpress\/wp-json\/wp\/v2\/types\/page"}],"author":[{"embeddable":true,"href":"https:\/\/copd-austria.at\/wordpress\/wp-json\/wp\/v2\/users\/1"}],"replies":[{"embeddable":true,"href":"https:\/\/copd-austria.at\/wordpress\/wp-json\/wp\/v2\/comments?post=768"}],"version-history":[{"count":21,"href":"https:\/\/copd-austria.at\/wordpress\/wp-json\/wp\/v2\/pages\/768\/revisions"}],"predecessor-version":[{"id":28110,"href":"https:\/\/copd-austria.at\/wordpress\/wp-json\/wp\/v2\/pages\/768\/revisions\/28110"}],"wp:attachment":[{"href":"https:\/\/copd-austria.at\/wordpress\/wp-json\/wp\/v2\/media?parent=768"}],"curies":[{"name":"wp","href":"https:\/\/api.w.org\/{rel}","templated":true}]}}