{"id":8676,"date":"2021-10-04T22:02:19","date_gmt":"2021-10-04T20:02:19","guid":{"rendered":"https:\/\/copd-austria.at\/wordpress\/?page_id=8676"},"modified":"2023-10-11T21:20:12","modified_gmt":"2023-10-11T19:20:12","slug":"mein-taeglicher-begleiter","status":"publish","type":"page","link":"https:\/\/copd-austria.at\/wordpress\/stufen-challenge\/mein-taeglicher-begleiter\/","title":{"rendered":"Mein t\u00e4glicher Begleiter"},"content":{"rendered":"\t\t<div data-elementor-type=\"wp-post\" data-elementor-id=\"8676\" class=\"elementor elementor-8676\" data-elementor-post-type=\"page\">\n\t\t\t\t\t\t<section class=\"elementor-section elementor-top-section elementor-element elementor-element-0aa9205 elementor-section-boxed elementor-section-height-default elementor-section-height-default\" data-id=\"0aa9205\" data-element_type=\"section\" data-e-type=\"section\">\n\t\t\t\t\t\t<div class=\"elementor-container elementor-column-gap-default\">\n\t\t\t\t\t<div class=\"elementor-column elementor-col-100 elementor-top-column elementor-element elementor-element-4fce78f\" data-id=\"4fce78f\" data-element_type=\"column\" data-e-type=\"column\">\n\t\t\t<div class=\"elementor-widget-wrap elementor-element-populated\">\n\t\t\t\t\t\t<div class=\"elementor-element elementor-element-77dee7e elementor-widget elementor-widget-heading\" data-id=\"77dee7e\" data-element_type=\"widget\" data-e-type=\"widget\" data-widget_type=\"heading.default\">\n\t\t\t\t<div class=\"elementor-widget-container\">\n\t\t\t\t\t<h2 class=\"elementor-heading-title elementor-size-default\">Mein t\u00e4glicher Begleiter \u2013 f\u00fcr mein Leben mit COPD<\/h2>\t\t\t\t<\/div>\n\t\t\t\t<\/div>\n\t\t\t\t\t<\/div>\n\t\t<\/div>\n\t\t\t\t\t<\/div>\n\t\t<\/section>\n\t\t\t\t<section class=\"elementor-section elementor-top-section elementor-element elementor-element-81fd316 elementor-section-boxed elementor-section-height-default elementor-section-height-default\" data-id=\"81fd316\" data-element_type=\"section\" data-e-type=\"section\">\n\t\t\t\t\t\t<div class=\"elementor-container elementor-column-gap-default\">\n\t\t\t\t\t<div class=\"elementor-column elementor-col-50 elementor-top-column elementor-element elementor-element-7d1335c\" data-id=\"7d1335c\" data-element_type=\"column\" data-e-type=\"column\">\n\t\t\t<div class=\"elementor-widget-wrap elementor-element-populated\">\n\t\t\t\t\t\t<div class=\"elementor-element elementor-element-7e171fe elementor-widget elementor-widget-text-editor\" data-id=\"7e171fe\" data-element_type=\"widget\" data-e-type=\"widget\" data-widget_type=\"text-editor.default\">\n\t\t\t\t<div class=\"elementor-widget-container\">\n\t\t\t\t\t\t\t\t\t<p class=\"text-build-content\" data-testid=\"jdCGzmo9v\">Das Projekt &#8222;Mein t\u00e4glicher Begleiter&#8220; wurde v<strong>on Novartis<\/strong> mit einem PIA <strong>ausgezeichnet<\/strong>!<\/p><p><span class=\"d2edcug0 hpfvmrgz qv66sw1b c1et5uql lr9zc1uh a8c37x1j keod5gw0 nxhoafnm aigsh9s9 d3f4x2em fe6kdd0r mau55g9w c8b282yb iv3no6db jq4qci2q a3bd9o3v knj5qynh oo9gr5id\" dir=\"auto\"><span class=\"d2edcug0 hpfvmrgz qv66sw1b c1et5uql lr9zc1uh jq4qci2q a3bd9o3v knj5qynh oo9gr5id\">Anl\u00e4sslich eines Besuchs bei unserer tollen Gruppe in St. P\u00f6lten am <br \/>15. Juli, wurde uns von <b>Frau Theresia<\/b> Gerstbauer von <b><i>Novartis<\/i><\/b>, der <b><i>Innovation Patient Award<\/i><\/b> <em>2021<\/em> \u00fcberreicht. Wir freuen uns riesig \u00fcber diese Auszeichnung.<\/span><\/span><\/p>\t\t\t\t\t\t\t\t<\/div>\n\t\t\t\t<\/div>\n\t\t\t\t\t<\/div>\n\t\t<\/div>\n\t\t\t\t<div class=\"elementor-column elementor-col-50 elementor-top-column elementor-element elementor-element-51c329c\" data-id=\"51c329c\" data-element_type=\"column\" data-e-type=\"column\">\n\t\t\t<div class=\"elementor-widget-wrap elementor-element-populated\">\n\t\t\t\t\t\t<div class=\"elementor-element elementor-element-b0055d7 elementor-widget elementor-widget-image\" data-id=\"b0055d7\" data-element_type=\"widget\" data-e-type=\"widget\" data-widget_type=\"image.default\">\n\t\t\t\t<div class=\"elementor-widget-container\">\n\t\t\t\t\t\t\t\t\t\t\t\t\t\t\t<img fetchpriority=\"high\" decoding=\"async\" width=\"768\" height=\"561\" src=\"https:\/\/copd-austria.at\/wordpress\/wp-content\/uploads\/2021\/07\/IPA_Siegerbild_02-768x561.jpg\" class=\"attachment-medium_large size-medium_large wp-image-7556\" alt=\"\" srcset=\"https:\/\/copd-austria.at\/wordpress\/wp-content\/uploads\/2021\/07\/IPA_Siegerbild_02-768x561.jpg 768w, https:\/\/copd-austria.at\/wordpress\/wp-content\/uploads\/2021\/07\/IPA_Siegerbild_02-300x219.jpg 300w, https:\/\/copd-austria.at\/wordpress\/wp-content\/uploads\/2021\/07\/IPA_Siegerbild_02-1140x833.jpg 1140w, https:\/\/copd-austria.at\/wordpress\/wp-content\/uploads\/2021\/07\/IPA_Siegerbild_02.jpg 1535w\" sizes=\"(max-width: 768px) 100vw, 768px\" \/>\t\t\t\t\t\t\t\t\t\t\t\t\t\t\t<\/div>\n\t\t\t\t<\/div>\n\t\t\t\t\t<\/div>\n\t\t<\/div>\n\t\t\t\t\t<\/div>\n\t\t<\/section>\n\t\t\t\t<section class=\"elementor-section elementor-top-section elementor-element elementor-element-fa79b77 elementor-section-boxed elementor-section-height-default elementor-section-height-default\" data-id=\"fa79b77\" data-element_type=\"section\" data-e-type=\"section\">\n\t\t\t\t\t\t<div class=\"elementor-container elementor-column-gap-default\">\n\t\t\t\t\t<div class=\"elementor-column elementor-col-50 elementor-top-column elementor-element elementor-element-e6e90ef\" data-id=\"e6e90ef\" data-element_type=\"column\" data-e-type=\"column\">\n\t\t\t<div class=\"elementor-widget-wrap elementor-element-populated\">\n\t\t\t\t\t\t<div class=\"elementor-element elementor-element-7b94653 elementor-widget elementor-widget-image\" data-id=\"7b94653\" data-element_type=\"widget\" data-e-type=\"widget\" data-widget_type=\"image.default\">\n\t\t\t\t<div class=\"elementor-widget-container\">\n\t\t\t\t\t\t\t\t\t\t\t\t\t\t\t<img decoding=\"async\" width=\"600\" height=\"440\" src=\"https:\/\/copd-austria.at\/wordpress\/wp-content\/uploads\/2022\/03\/Mein-taeglicher-Begleiter_COPD-Austria.png\" class=\"attachment-medium_large size-medium_large wp-image-10675\" alt=\"\" srcset=\"https:\/\/copd-austria.at\/wordpress\/wp-content\/uploads\/2022\/03\/Mein-taeglicher-Begleiter_COPD-Austria.png 600w, https:\/\/copd-austria.at\/wordpress\/wp-content\/uploads\/2022\/03\/Mein-taeglicher-Begleiter_COPD-Austria-300x220.png 300w\" sizes=\"(max-width: 600px) 100vw, 600px\" \/>\t\t\t\t\t\t\t\t\t\t\t\t\t\t\t<\/div>\n\t\t\t\t<\/div>\n\t\t\t\t\t<\/div>\n\t\t<\/div>\n\t\t\t\t<div class=\"elementor-column elementor-col-50 elementor-top-column elementor-element elementor-element-9646e07\" data-id=\"9646e07\" data-element_type=\"column\" data-e-type=\"column\">\n\t\t\t<div class=\"elementor-widget-wrap elementor-element-populated\">\n\t\t\t\t\t\t<div class=\"elementor-element elementor-element-790a4f5 elementor-widget elementor-widget-text-editor\" data-id=\"790a4f5\" data-element_type=\"widget\" data-e-type=\"widget\" data-widget_type=\"text-editor.default\">\n\t\t\t\t<div class=\"elementor-widget-container\">\n\t\t\t\t\t\t\t\t\t<p>Im Fr\u00fchsommer 2021 hat die Selbsthilfegruppe COPD-Austria beim PIA (Patient Innovation Award) der Firma Novartis ein Projekt eingereicht, das Menschen\u00a0 den Umgang mit ihrer Krankheit erleichtern soll.<\/p><p>Jetzt liegt das Ergebnis vor. <strong>&#8222;Mein t\u00e4glicher Begleiter &#8211; f\u00fcr mein Leben mit COPD&#8220;<\/strong> In diesem Tagebuch wird in Form t\u00e4glicher Aufzeichnungen der Verlauf und das Empfinden des Patienten festgehalten. Es war uns bei der Planung wichtig, einen \u2013 nicht nur an medizinischen Messwerten und Zahlen orientierten Krankheitsverlauf, \u2013 sondern vorrangig einen \u201egef\u00fchlten\u201c darstellen zu k\u00f6nnen.<\/p>\t\t\t\t\t\t\t\t<\/div>\n\t\t\t\t<\/div>\n\t\t\t\t\t<\/div>\n\t\t<\/div>\n\t\t\t\t\t<\/div>\n\t\t<\/section>\n\t\t\t\t<section class=\"elementor-section elementor-top-section elementor-element elementor-element-a5ad243 elementor-section-boxed elementor-section-height-default elementor-section-height-default\" data-id=\"a5ad243\" data-element_type=\"section\" data-e-type=\"section\">\n\t\t\t\t\t\t<div class=\"elementor-container elementor-column-gap-default\">\n\t\t\t\t\t<div class=\"elementor-column elementor-col-100 elementor-top-column elementor-element elementor-element-3517ea0\" data-id=\"3517ea0\" data-element_type=\"column\" data-e-type=\"column\">\n\t\t\t<div class=\"elementor-widget-wrap elementor-element-populated\">\n\t\t\t\t\t\t<div class=\"elementor-element elementor-element-b9530d1 elementor-widget elementor-widget-text-editor\" data-id=\"b9530d1\" data-element_type=\"widget\" data-e-type=\"widget\" data-widget_type=\"text-editor.default\">\n\t\t\t\t<div class=\"elementor-widget-container\">\n\t\t\t\t\t\t\t\t\t<p>Wer mit der Diagnose COPD konfrontiert wird, dem ergeht es vermutlich wie vielen Betroffenen: Sie haben noch nie etwas von der chronischen Lungenkrankheit geh\u00f6rt. Nach der Diagnose sind daher verst\u00e4ndlicherweise viele Fragen offen. Auch f\u00fcr Patienten, die schon l\u00e4nger mit COPD leben und bereits einige H\u00f6hen und Tiefen hinter sich haben, ist es wichtig, \u00fcber Ihre Erkrankung gut Bescheid zu wissen, sich mit ihr auseinanderzusetzen und sie letztendlich anzunehmen \u2013 sie wird Sie von nun an <em>begleiten.<\/em><\/p><p><strong><em>\u201eMein t\u00e4glicher Begleiter\u201c<\/em><\/strong> soll dabei unterst\u00fctzen \u2013 gemeinsam mit betreuenden \u00c4rzten \u2013 das Beste f\u00fcr Lunge, Wohlbefinden und eine gute Lebensqualit\u00e4t zu erreichen.<\/p><p>Er soll auch dazu beitragen, dass Angeh\u00f6rige einen besseren Einblick in die Krankheit und deren Verlauf haben. Sie k\u00f6nnen vor allem anhand der Eintragungen sehen, wie es den<em> Betroffenen<\/em> geht und diese auf dem Weg zum Therapieerfolg unterst\u00fctzen.<\/p><p>Im \u201et\u00e4glichen Begleiter\u201c werden alle medizinischen Informationen des Patienten eingetragen. Medikation, Begleit- und weitere Erkrankungen, Allergien und Unvertr\u00e4glichkeiten, \u00c4rzte und Ansprechpersonen geh\u00f6ren ebenfalls zu den gesammelten Informationen. Damit sind viele wichtige Hinweise im Notfall rasch zur Hand.<\/p><p>Basisinformationen zur chronischen Atemwegserkrankung COPD, zur medikament\u00f6sen Behandlung, ein CAT-Test und Tipps bei einer pl\u00f6tzlichen Verschlechterung, einer Exazerbation sind wertvolle Erg\u00e4nzungen.<\/p><p>Mithilfe der laufenden Aufzeichnungen soll der Patienten sehen, dass es sich lohnt, einen aktiven Umgang mit der Erkrankung zu pflegen. Dass die Krankheit durch Bewegung und andere Aktivit\u00e4ten beeinflussbar ist. Dass man den Verlauf durch Atemtraining zwar nicht stoppen, aber doch verbessern und hinausz\u00f6gern kann.<\/p><p>In Zusammenschau mit den Ergebnissen der regelm\u00e4\u00dfigen \u00e4rztlichen Kontrolle zeigt sich ein \u201eobjektiver\u201c Verlauf. Damit ist es auch m\u00f6glich, rasch eine optimale Therapieanpassung vorzunehmen und gleichzeitig wird deutlich, dass die Verordnung von Medikamenten, von Sauerstoff und deren richtige Verwendung sinnvoll ist und den Krankheitsverlauf positiv beeinflussen.<\/p><p><strong>Letztendlich geht es darum, wahrzunehmen, dass es durchaus m\u00f6glich ist, auch mit COPD ein gutes Leben f\u00fchren zu k\u00f6nnen.<\/strong><\/p><p>\u201eMein t\u00e4glicher Begleiter \u2013 f\u00fcr mein Leben mit COPD\u201c wird \u00fcber Lungenfach\u00e4rzte und REHA-Einrichtungen erh\u00e4ltlich sein. Er kann auch direkt \u00fcber die Homepage <a href=\"http:\/\/www.copd-austria.at\">www.copd-austria.at<\/a> angefordert werden.<\/p>\t\t\t\t\t\t\t\t<\/div>\n\t\t\t\t<\/div>\n\t\t\t\t\t<\/div>\n\t\t<\/div>\n\t\t\t\t\t<\/div>\n\t\t<\/section>\n\t\t\t\t<section class=\"elementor-section elementor-top-section elementor-element elementor-element-8641bc7 elementor-section-boxed elementor-section-height-default elementor-section-height-default\" data-id=\"8641bc7\" data-element_type=\"section\" data-e-type=\"section\">\n\t\t\t\t\t\t<div class=\"elementor-container elementor-column-gap-default\">\n\t\t\t\t\t<div class=\"elementor-column elementor-col-50 elementor-top-column elementor-element elementor-element-587f776\" data-id=\"587f776\" data-element_type=\"column\" data-e-type=\"column\">\n\t\t\t<div class=\"elementor-widget-wrap elementor-element-populated\">\n\t\t\t\t\t\t<div class=\"elementor-element elementor-element-015032f elementor-widget elementor-widget-image\" data-id=\"015032f\" data-element_type=\"widget\" data-e-type=\"widget\" data-widget_type=\"image.default\">\n\t\t\t\t<div class=\"elementor-widget-container\">\n\t\t\t\t\t\t\t\t\t\t\t\t\t\t\t\t<a href=\"https:\/\/copd-austria.at\/wordpress\/wp-content\/uploads\/2022\/03\/Begleiter_Patient_COPD-Austria.jpg\" data-elementor-open-lightbox=\"yes\" data-e-action-hash=\"#elementor-action%3Aaction%3Dlightbox%26settings%3DeyJpZCI6MTA2ODAsInVybCI6Imh0dHBzOlwvXC9jb3BkLWF1c3RyaWEuYXRcL3dvcmRwcmVzc1wvd3AtY29udGVudFwvdXBsb2Fkc1wvMjAyMlwvMDNcL0JlZ2xlaXRlcl9QYXRpZW50X0NPUEQtQXVzdHJpYS5qcGcifQ%3D%3D\">\n\t\t\t\t\t\t\t<img decoding=\"async\" width=\"600\" height=\"442\" src=\"https:\/\/copd-austria.at\/wordpress\/wp-content\/uploads\/2022\/03\/Begleiter_Patient_COPD-Austria.jpg\" class=\"attachment-medium_large size-medium_large wp-image-10680\" alt=\"\" srcset=\"https:\/\/copd-austria.at\/wordpress\/wp-content\/uploads\/2022\/03\/Begleiter_Patient_COPD-Austria.jpg 600w, https:\/\/copd-austria.at\/wordpress\/wp-content\/uploads\/2022\/03\/Begleiter_Patient_COPD-Austria-300x221.jpg 300w\" sizes=\"(max-width: 600px) 100vw, 600px\" \/>\t\t\t\t\t\t\t\t<\/a>\n\t\t\t\t\t\t\t\t\t\t\t\t\t\t\t<\/div>\n\t\t\t\t<\/div>\n\t\t\t\t\t<\/div>\n\t\t<\/div>\n\t\t\t\t<div class=\"elementor-column elementor-col-50 elementor-top-column elementor-element elementor-element-0a96b93\" data-id=\"0a96b93\" data-element_type=\"column\" data-e-type=\"column\">\n\t\t\t<div class=\"elementor-widget-wrap elementor-element-populated\">\n\t\t\t\t\t\t<div class=\"elementor-element elementor-element-7e97f32 elementor-widget elementor-widget-image\" data-id=\"7e97f32\" data-element_type=\"widget\" data-e-type=\"widget\" data-widget_type=\"image.default\">\n\t\t\t\t<div class=\"elementor-widget-container\">\n\t\t\t\t\t\t\t\t\t\t\t\t\t\t\t\t<a href=\"https:\/\/copd-austria.at\/wordpress\/wp-content\/uploads\/2022\/03\/Begleiter_Arzt_COPD-Austria.jpg\" data-elementor-open-lightbox=\"yes\" data-e-action-hash=\"#elementor-action%3Aaction%3Dlightbox%26settings%3DeyJpZCI6MTA2ODEsInVybCI6Imh0dHBzOlwvXC9jb3BkLWF1c3RyaWEuYXRcL3dvcmRwcmVzc1wvd3AtY29udGVudFwvdXBsb2Fkc1wvMjAyMlwvMDNcL0JlZ2xlaXRlcl9Bcnp0X0NPUEQtQXVzdHJpYS5qcGcifQ%3D%3D\">\n\t\t\t\t\t\t\t<img loading=\"lazy\" decoding=\"async\" width=\"600\" height=\"442\" src=\"https:\/\/copd-austria.at\/wordpress\/wp-content\/uploads\/2022\/03\/Begleiter_Arzt_COPD-Austria.jpg\" class=\"attachment-large size-large wp-image-10681\" alt=\"\" srcset=\"https:\/\/copd-austria.at\/wordpress\/wp-content\/uploads\/2022\/03\/Begleiter_Arzt_COPD-Austria.jpg 600w, https:\/\/copd-austria.at\/wordpress\/wp-content\/uploads\/2022\/03\/Begleiter_Arzt_COPD-Austria-300x221.jpg 300w\" sizes=\"(max-width: 600px) 100vw, 600px\" \/>\t\t\t\t\t\t\t\t<\/a>\n\t\t\t\t\t\t\t\t\t\t\t\t\t\t\t<\/div>\n\t\t\t\t<\/div>\n\t\t\t\t\t<\/div>\n\t\t<\/div>\n\t\t\t\t\t<\/div>\n\t\t<\/section>\n\t\t\t\t<section class=\"elementor-section elementor-top-section elementor-element elementor-element-14b8d14 elementor-section-boxed elementor-section-height-default elementor-section-height-default\" data-id=\"14b8d14\" data-element_type=\"section\" data-e-type=\"section\">\n\t\t\t\t\t\t<div class=\"elementor-container elementor-column-gap-default\">\n\t\t\t\t\t<div class=\"elementor-column elementor-col-50 elementor-top-column elementor-element elementor-element-88f5d1e\" data-id=\"88f5d1e\" data-element_type=\"column\" data-e-type=\"column\">\n\t\t\t<div class=\"elementor-widget-wrap elementor-element-populated\">\n\t\t\t\t\t\t<div class=\"elementor-element elementor-element-1436cc1 elementor-button-info elementor-align-center elementor-widget elementor-widget-button\" data-id=\"1436cc1\" data-element_type=\"widget\" data-e-type=\"widget\" data-widget_type=\"button.default\">\n\t\t\t\t<div class=\"elementor-widget-container\">\n\t\t\t\t\t\t\t\t\t<div class=\"elementor-button-wrapper\">\n\t\t\t\t\t<a class=\"elementor-button elementor-button-link elementor-size-sm\" href=\"https:\/\/copd-austria.at\/wordpress\/copd_PDF-Dokumente\/Begleiter_HP.pdf\">\n\t\t\t\t\t\t<span class=\"elementor-button-content-wrapper\">\n\t\t\t\t\t\t\t\t\t<span class=\"elementor-button-text\">Den Begleiter online durchbl\u00e4ttern<\/span>\n\t\t\t\t\t<\/span>\n\t\t\t\t\t<\/a>\n\t\t\t\t<\/div>\n\t\t\t\t\t\t\t\t<\/div>\n\t\t\t\t<\/div>\n\t\t\t\t\t<\/div>\n\t\t<\/div>\n\t\t\t\t<div class=\"elementor-column elementor-col-50 elementor-top-column elementor-element elementor-element-d452aff\" data-id=\"d452aff\" data-element_type=\"column\" data-e-type=\"column\">\n\t\t\t<div class=\"elementor-widget-wrap elementor-element-populated\">\n\t\t\t\t\t\t<div class=\"elementor-element elementor-element-72df089 elementor-button-info elementor-align-center elementor-widget elementor-widget-button\" data-id=\"72df089\" data-element_type=\"widget\" data-e-type=\"widget\" data-widget_type=\"button.default\">\n\t\t\t\t<div class=\"elementor-widget-container\">\n\t\t\t\t\t\t\t\t\t<div class=\"elementor-button-wrapper\">\n\t\t\t\t\t<a class=\"elementor-button elementor-button-link elementor-size-sm\" href=\"https:\/\/copd-austria.at\/wordpress\/materialien-copd-austria\/\">\n\t\t\t\t\t\t<span class=\"elementor-button-content-wrapper\">\n\t\t\t\t\t\t\t\t\t<span class=\"elementor-button-text\">Jetzt \"mein Tagebuch\" anfordern<\/span>\n\t\t\t\t\t<\/span>\n\t\t\t\t\t<\/a>\n\t\t\t\t<\/div>\n\t\t\t\t\t\t\t\t<\/div>\n\t\t\t\t<\/div>\n\t\t\t\t\t<\/div>\n\t\t<\/div>\n\t\t\t\t\t<\/div>\n\t\t<\/section>\n\t\t\t\t<\/div>\n\t\t","protected":false},"excerpt":{"rendered":"<p>Mein t\u00e4glicher Begleiter \u2013 f\u00fcr mein Leben mit COPD Das Projekt &#8222;Mein t\u00e4glicher Begleiter&#8220; wurde von Novartis mit einem PIA ausgezeichnet! Anl\u00e4sslich eines Besuchs bei unserer tollen Gruppe in St. P\u00f6lten am 15. Juli, wurde uns von Frau Theresia Gerstbauer von Novartis, der Innovation Patient Award 2021 \u00fcberreicht. Wir freuen uns riesig \u00fcber diese Auszeichnung. [&hellip;]<\/p>\n","protected":false},"author":1,"featured_media":0,"parent":719,"menu_order":0,"comment_status":"closed","ping_status":"closed","template":"elementor_theme","meta":{"footnotes":""},"class_list":["post-8676","page","type-page","status-publish","hentry"],"_links":{"self":[{"href":"https:\/\/copd-austria.at\/wordpress\/wp-json\/wp\/v2\/pages\/8676","targetHints":{"allow":["GET"]}}],"collection":[{"href":"https:\/\/copd-austria.at\/wordpress\/wp-json\/wp\/v2\/pages"}],"about":[{"href":"https:\/\/copd-austria.at\/wordpress\/wp-json\/wp\/v2\/types\/page"}],"author":[{"embeddable":true,"href":"https:\/\/copd-austria.at\/wordpress\/wp-json\/wp\/v2\/users\/1"}],"replies":[{"embeddable":true,"href":"https:\/\/copd-austria.at\/wordpress\/wp-json\/wp\/v2\/comments?post=8676"}],"version-history":[{"count":0,"href":"https:\/\/copd-austria.at\/wordpress\/wp-json\/wp\/v2\/pages\/8676\/revisions"}],"up":[{"embeddable":true,"href":"https:\/\/copd-austria.at\/wordpress\/wp-json\/wp\/v2\/pages\/719"}],"wp:attachment":[{"href":"https:\/\/copd-austria.at\/wordpress\/wp-json\/wp\/v2\/media?parent=8676"}],"curies":[{"name":"wp","href":"https:\/\/api.w.org\/{rel}","templated":true}]}}