{"id":9828,"date":"2022-01-21T21:14:23","date_gmt":"2022-01-21T20:14:23","guid":{"rendered":"https:\/\/copd-austria.at\/wordpress\/?page_id=9828"},"modified":"2026-01-30T12:24:35","modified_gmt":"2026-01-30T11:24:35","slug":"ansprechpartner","status":"publish","type":"page","link":"https:\/\/copd-austria.at\/wordpress\/ansprechpartner\/","title":{"rendered":"Gruppen &#038; Ansprechpartner"},"content":{"rendered":"\t\t<div data-elementor-type=\"wp-page\" data-elementor-id=\"9828\" class=\"elementor elementor-9828\" data-elementor-post-type=\"page\">\n\t\t\t\t\t\t<section class=\"elementor-section elementor-top-section elementor-element elementor-element-f89347e elementor-section-boxed elementor-section-height-default elementor-section-height-default\" data-id=\"f89347e\" data-element_type=\"section\" data-e-type=\"section\">\n\t\t\t\t\t\t<div class=\"elementor-container elementor-column-gap-default\">\n\t\t\t\t\t<div class=\"elementor-column elementor-col-100 elementor-top-column elementor-element elementor-element-2ad01a2\" data-id=\"2ad01a2\" data-element_type=\"column\" data-e-type=\"column\">\n\t\t\t<div class=\"elementor-widget-wrap elementor-element-populated\">\n\t\t\t\t\t\t<div class=\"elementor-element elementor-element-52aee9a elementor-widget elementor-widget-text-editor\" data-id=\"52aee9a\" data-element_type=\"widget\" data-e-type=\"widget\" data-widget_type=\"text-editor.default\">\n\t\t\t\t<div class=\"elementor-widget-container\">\n\t\t\t\t\t\t\t\t\t<h2>Die COPD-Austria Gruppen in \u00d6sterreich<\/h2>\t\t\t\t\t\t\t\t<\/div>\n\t\t\t\t<\/div>\n\t\t\t\t\t<\/div>\n\t\t<\/div>\n\t\t\t\t\t<\/div>\n\t\t<\/section>\n\t\t<div class=\"elementor-element elementor-element-2161cca e-flex e-con-boxed e-con e-parent\" data-id=\"2161cca\" data-element_type=\"container\" data-e-type=\"container\">\n\t\t\t\t\t<div class=\"e-con-inner\">\n\t\t\t\t<div class=\"elementor-element elementor-element-ef2e186 elementor-widget elementor-widget-shortcode\" data-id=\"ef2e186\" data-element_type=\"widget\" data-e-type=\"widget\" data-widget_type=\"shortcode.default\">\n\t\t\t\t<div class=\"elementor-widget-container\">\n\t\t\t\t\t\t\t<div class=\"elementor-shortcode\">\n<table id=\"tablepress-Gruppeninfo\" class=\"tablepress tablepress-id-Gruppeninfo tbody-has-connected-cells\">\n<thead>\n<tr class=\"row-1\">\n\t<th class=\"column-1\">Ort<\/th><th class=\"column-2\">Ansprechpartner<\/th><th class=\"column-3\">Telefon<\/th><th class=\"column-4\">E-Mail<\/th><td class=\"column-5\"><\/td><td class=\"column-6\"><\/td>\n<\/tr>\n<\/thead>\n<tbody class=\"row-hover\">\n<tr class=\"row-2\">\n\t<td colspan=\"6\" class=\"column-1\"><strong><h3>STEIERMARK<\/strong><\/td>\n<\/tr>\n<tr class=\"row-3\">\n\t<td class=\"column-1\"><strong>Graz<\/strong><\/td><td class=\"column-2\">Judith &amp; Georg illek<\/td><td class=\"column-3\">+43 650 88 23 007<\/td><td class=\"column-4\"><a href=\"mailto: info@copd-austria.at\">info@copd-austria.at<\/a><\/td><td class=\"column-5\"><a href=\"https:\/\/copd-austria.at\/wordpress\/graz\/\">Informationen <br \/>\nzur Gruppe<\/a><\/td><td class=\"column-6\"><a href=\"https:\/\/copd-austria.at\/wordpress\/graz\/\"><img decoding=\"async\" src=\"https:\/\/copd-austria.at\/wordpress\/wp-content\/uploads\/2023\/02\/Pfeil_re.png\" alt=\"\" width=\"50\" height=\"50\"<\/a><\/td>\n<\/tr>\n<tr class=\"row-4\">\n\t<td colspan=\"6\" class=\"column-1\"><strong><h3>NIEDER\u00d6STERREICH<\/strong><\/td>\n<\/tr>\n<tr class=\"row-5\">\n\t<td class=\"column-1\"><strong>St. P\u00f6lten<\/strong><\/td><td class=\"column-2\">Claudia Sch\u00f6tzer<br \/>\nIrene Kramreiter<\/td><td class=\"column-3\">+43 664 40 62 819<br \/>\n+43 676 430 40 55<\/td><td class=\"column-4\"><a href=\"mailto: NOe@copd-austria.at\">NOe@copd-austria.at<\/a><\/td><td class=\"column-5\"><a href=\"https:\/\/copd-austria.at\/wordpress\/st-poelten\/\">Informationen <br \/>\nzur Gruppe<\/a><\/td><td class=\"column-6\"><a href=\"https:\/\/copd-austria.at\/wordpress\/st-poelten\/\"><img decoding=\"async\" src=\"https:\/\/copd-austria.at\/wordpress\/wp-content\/uploads\/2023\/02\/Pfeil_re.png\" alt=\"\" width=\"50\" height=\"50\"<\/a><\/td>\n<\/tr>\n<tr class=\"row-6\">\n\t<td class=\"column-1\"><strong>Bruck a.d. Leitha<\/strong><\/td><td class=\"column-2\">Barbara Wieneritsch<\/td><td class=\"column-3\">+43 676 540 35 59<\/td><td class=\"column-4\"><a href=\"mailto:barbara.wieneritsch@gmx.at\">barbara.wieneritsch@gmx.at<\/a><br \/>\n<\/td><td class=\"column-5\"><a href=\"https:\/\/copd-austria.at\/wordpress\/copd-austria-bruck-a-d-leitha\/\">Informationen <br \/>\nzur Gruppe<\/a><\/td><td class=\"column-6\"><a href=\"https:\/\/copd-austria.at\/wordpress\/copd-austria-bruck-a-d-leitha\/\"><img decoding=\"async\" src=\"https:\/\/copd-austria.at\/wordpress\/wp-content\/uploads\/2023\/02\/Pfeil_re.png\" alt=\"\" width=\"50\" height=\"50\"<\/a><\/td>\n<\/tr>\n<tr class=\"row-7\">\n\t<td colspan=\"6\" class=\"column-1\"><strong><h3>TIROL<\/strong><\/td>\n<\/tr>\n<tr class=\"row-8\">\n\t<td class=\"column-1\"><strong>Innsbruck<\/strong><\/td><td class=\"column-2\">Monika Oberdorfer<br \/>\nErich Sch\u00f6pf<\/td><td class=\"column-3\">+43 664 200 56 97<br \/>\n+43 680\u2009401\u200929\u200974<\/td><td class=\"column-4\"><a href=\"mailto: tirol@copd-austria.at\">tirol@copd-austria.at<br \/>\n<\/a><\/td><td class=\"column-5\"><a href=\"https:\/\/copd-austria.at\/wordpress\/tirol\/\">Informationen <br \/>\nzur Gruppe<\/a><\/td><td class=\"column-6\"><a href=\"https:\/\/copd-austria.at\/wordpress\/tirol\/\"><img decoding=\"async\" src=\"https:\/\/copd-austria.at\/wordpress\/wp-content\/uploads\/2023\/02\/Pfeil_re.png\" alt=\"\" width=\"50\" height=\"50\"<\/a><\/td>\n<\/tr>\n<tr class=\"row-9\">\n\t<td colspan=\"6\" class=\"column-1\"><strong><h3>WIEN<\/strong><\/td>\n<\/tr>\n<tr class=\"row-10\">\n\t<td class=\"column-1\"><\/td><td class=\"column-2\">Intereministisch:<br \/>\nJudith illek<\/td><td class=\"column-3\"><br \/>\n+43 650 88 23 007<\/td><td class=\"column-4\"><a href=\"mailto: info@copd-austria.at\">info@copd-austria.at<\/a><\/td><td class=\"column-5\"><a href=\"https:\/\/copd-austria.at\/wordpress\/wien\/\">Informationen <br \/>\nzur Gruppe<\/a><\/td><td class=\"column-6\"><a href=\"https:\/\/copd-austria.at\/wordpress\/wien\/\"><img decoding=\"async\" src=\"https:\/\/copd-austria.at\/wordpress\/wp-content\/uploads\/2023\/02\/Pfeil_re.png\" alt=\"\" width=\"50\" height=\"50\"<\/a><\/td>\n<\/tr>\n<tr class=\"row-11\">\n\t<td class=\"column-1\"><strong><h3>SALZBURG<\/strong><\/td><td colspan=\"5\" class=\"column-2\">F\u00fcr eine Gruppe in Salzburg suchen wir jemanden, der die Leitung \u00fcbernehmen m\u00f6chte.<\/td>\n<\/tr>\n<tr class=\"row-12\">\n\t<td class=\"column-1\"><strong><h3>K\u00c4RNTEN<\/strong><\/td><td colspan=\"5\" class=\"column-2\">F\u00fcr eine Gruppe in K\u00e4rnten suchen wir jemanden, der die Leitung \u00fcbernehmen m\u00f6chte.<\/td>\n<\/tr>\n<\/tbody>\n<\/table>\n<!-- #tablepress-Gruppeninfo from cache --><\/div>\n\t\t\t\t\t\t<\/div>\n\t\t\t\t<\/div>\n\t\t\t\t\t<\/div>\n\t\t\t\t<\/div>\n\t\t<div class=\"elementor-element elementor-element-b6b2f2a e-flex e-con-boxed e-con e-parent\" data-id=\"b6b2f2a\" data-element_type=\"container\" data-e-type=\"container\">\n\t\t\t\t\t<div class=\"e-con-inner\">\n\t\t\t\t<div class=\"elementor-element elementor-element-5dc8d56 elementor-widget elementor-widget-text-editor\" data-id=\"5dc8d56\" data-element_type=\"widget\" data-e-type=\"widget\" data-widget_type=\"text-editor.default\">\n\t\t\t\t<div class=\"elementor-widget-container\">\n\t\t\t\t\t\t\t\t\t<h3><span style=\"color: #ff0000;\"><strong>Das Ziel<\/strong> <\/span>unserer Selbsthilfegruppe COPD-Austria ist es nat\u00fcrlich, auch in anderen Bundesl\u00e4ndern, Bezirken und Orten mit COPD-Austria-Gruppen vertreten zu sein.<\/h3><ul><li><span style=\"color: #ff0000;\"><strong>Wir suchen<\/strong><\/span> daher Personen in <strong>ganz \u00d6sterreich<\/strong> die sich zutrauen, eine Gruppe der COPD-Austria zu f\u00fchren und zu gestalten.<\/li><li><strong><span style=\"color: #ff0000;\">Wir unterst\u00fctzen<\/span><\/strong> alle Interessierten beim Aufbau einer Gruppe sowie bei der \u00adPlanung und durchf\u00fchrung diverser Aktivit\u00e4ten.<\/li><li>Wir freuen uns auf deine Mitarbeit in der Selbsthilfegruppe.<\/li><li><span style=\"color: #ff0000;\"><strong>Du erreichst uns<\/strong><\/span> unter der E-Mail-Adresse <a href=\"mailto:info@copd-austria.at\">info@copd-austria.at<\/a><br \/>oder telefonisch unter +43 650 88 23 007<\/li><\/ul>\t\t\t\t\t\t\t\t<\/div>\n\t\t\t\t<\/div>\n\t\t\t\t\t<\/div>\n\t\t\t\t<\/div>\n\t\t\t\t<\/div>\n\t\t","protected":false},"excerpt":{"rendered":"<p>Die COPD-Austria Gruppen in \u00d6sterreich Das Ziel unserer Selbsthilfegruppe COPD-Austria ist es nat\u00fcrlich, auch in anderen Bundesl\u00e4ndern, Bezirken und Orten mit COPD-Austria-Gruppen vertreten zu sein. Wir suchen daher Personen in ganz \u00d6sterreich die sich zutrauen, eine Gruppe der COPD-Austria zu f\u00fchren und zu gestalten. Wir unterst\u00fctzen alle Interessierten beim Aufbau einer Gruppe sowie bei der [&hellip;]<\/p>\n","protected":false},"author":1,"featured_media":0,"parent":0,"menu_order":0,"comment_status":"closed","ping_status":"closed","template":"elementor_theme","meta":{"footnotes":""},"class_list":["post-9828","page","type-page","status-publish","hentry"],"_links":{"self":[{"href":"https:\/\/copd-austria.at\/wordpress\/wp-json\/wp\/v2\/pages\/9828","targetHints":{"allow":["GET"]}}],"collection":[{"href":"https:\/\/copd-austria.at\/wordpress\/wp-json\/wp\/v2\/pages"}],"about":[{"href":"https:\/\/copd-austria.at\/wordpress\/wp-json\/wp\/v2\/types\/page"}],"author":[{"embeddable":true,"href":"https:\/\/copd-austria.at\/wordpress\/wp-json\/wp\/v2\/users\/1"}],"replies":[{"embeddable":true,"href":"https:\/\/copd-austria.at\/wordpress\/wp-json\/wp\/v2\/comments?post=9828"}],"version-history":[{"count":3,"href":"https:\/\/copd-austria.at\/wordpress\/wp-json\/wp\/v2\/pages\/9828\/revisions"}],"predecessor-version":[{"id":27781,"href":"https:\/\/copd-austria.at\/wordpress\/wp-json\/wp\/v2\/pages\/9828\/revisions\/27781"}],"wp:attachment":[{"href":"https:\/\/copd-austria.at\/wordpress\/wp-json\/wp\/v2\/media?parent=9828"}],"curies":[{"name":"wp","href":"https:\/\/api.w.org\/{rel}","templated":true}]}}